{"id":15875,"date":"2024-03-17T19:14:50","date_gmt":"2024-03-17T19:14:50","guid":{"rendered":"https:\/\/aofi.rs\/faktoring\/"},"modified":"2026-03-02T08:45:39","modified_gmt":"2026-03-02T08:45:39","slug":"faktoring","status":"publish","type":"page","link":"https:\/\/aofi.rs\/sr\/faktoring\/","title":{"rendered":"Faktoring"},"content":{"rendered":"<p>[vc_row el_class=&#8220;first-service&#8220;][vc_column][vc_column_text]\u0160TA JE FAKTORING?<\/p>\n<p>Faktoring predstavlja finansijski instrument kojim Faktor \u2013\u00a0Agencija za osiguranje i finansiranje izvoza Republike Srbije (AOFI), kratkoro\u010dno finansira izvozna preduze\u0107a na osnovu nedospelih, nespornih potra\u017eivanja, proisteklih iz prodaje roba ili usluga na inostranom ili doma\u0107em tr\u017ei\u0161tu.[\/vc_column_text][vc_row_inner][vc_column_inner css=&#8220;.vc_custom_1710702520348{margin-top: 30px !important;}&#8220;][vc_column_text]U\u010cESNICI U FAKTORING POSLU:[\/vc_column_text]<ul class='dt-sc-fancy-list   circletick'>\n<li>Faktor \u2013 AOFI<\/li>\n<li>Ustupilac \u2013 Prodavac robe ili usluge koji prodaje robu du\u017eniku sa odlo\u017eenim rokom pla\u0107anja i ustupa potra\u017eivanja Faktoru<\/li>\n<li>Du\u017enik \u2013 Kupac robe ili usluga<\/li>\n<\/ul>[\/vc_column_inner][\/vc_row_inner][vc_row_inner][vc_column_inner css=&#8220;.vc_custom_1710702520348{margin-top: 30px !important;}&#8220;][vc_column_text]VRSTE FAKTORING USLUGA KOJE AOFI PRU\u017dA IZVOZNICIMA:[\/vc_column_text]<ul class='dt-sc-fancy-list   circletick'>\n<li>Me\u0111unarodni izvozni faktoring (kroz jednofaktorski i dvofaktorski sistem rada)<\/li>\n<li>Doma\u0107i faktoring<\/li>\n<\/ul>[\/vc_column_inner][\/vc_row_inner][\/vc_column][\/vc_row][vc_row full_width=&#8220;stretch_row&#8220; el_class=&#8220;second-service&#8220;][vc_column width=&#8220;1\/2&#8243;][vc_column_text]PREDNOSTI FAKTORINGA:[\/vc_column_text]<ul class='dt-sc-fancy-list   circletick'>\n<li>Pobolj\u0161ava likvidnost \u2013 br\u017eom naplatom potra\u017eivanja kroz isplatu avansnih sredstava obezbe\u0111uju se neophodna sredstva za pla\u0107anje sopstvenih obaveza i finansiranje proizvodnje<\/li>\n<li>Pove\u0107ava kreditnu sposobnost i bonitet izvoznika, bez optere\u0107enja bilansnih pozicija i evidentiranja u Kreditnom birou<\/li>\n<li>Bolja konkurentska pozicija izvoznika, kako kod kupaca tako i kod dobavlja\u010da, davanjem du\u017eih rokova pla\u0107anja i prodaje robe na otvoreno<\/li>\n<li>Sigurnost u naplati potra\u017eivanja<\/li>\n<\/ul>[\/vc_column][vc_column width=&#8220;1\/2&#8243;][vc_column_text]KORISNICI FAKTORINGA:[\/vc_column_text]<ul class='dt-sc-fancy-list   circletick'>\n<li>Izvozno orijentisana preduze\u0107a koja ostvaruju godi\u0161nji izvoz od EUR 100.000 ili proporcionalni iznos u toku godine, bez obzira na veli\u010dinu preduze\u0107a<\/li>\n<li>Preduze\u0107a koja nude robu na odlo\u017eeno pla\u0107anje ili koja zapo\u010dinju posao sa novim kupcima<\/li>\n<li>Preduze\u0107a koja imaju dobre vi\u0161egodi\u0161nje programe i kvalitetne kupce, ali nemaju dovoljno obrtnog kapitala da finansiraju du\u017ee rokove naplate<\/li>\n<li>Mala i srednja preduze\u0107a koja nemaju dovoljno resursa, kao ni finansijsku snagu da se dodatno zadu\u017euju na finansijskom tr\u017ei\u0161tu<\/li>\n<li>Preduze\u0107a koja vode ra\u010duna o sopstvenoj likvidnosti, pove\u0107avaju\u0107i brzinu i kvalitet naplate, kao i obrtni kapital za dalja ulaganja, uz istovremeno smanjenje tro\u0161kova naplate i mogu\u0107ih gubitaka<\/li>\n<\/ul>[\/vc_column][\/vc_row][vc_row full_width=&#8220;stretch_row&#8220; el_class=&#8220;first-service&#8220;][vc_column][vc_column_text]KAKO FAKTORING FUNKCIONI\u0160E:[\/vc_column_text]<ul class='dt-sc-fancy-list   circletick'>\n<li>Nakon isporuke robe ili izvr\u0161ene usluge izvoznik ispostavlja fakturu du\u017eniku<\/li>\n<li>Izvoznik dostavlja AOFI kopiju fakture sa drugom prate\u0107om (izvoznom) dokumentacijom uz potpisano obave\u0161tenje du\u017eniku o ustupljenom potra\u017eivanju<\/li>\n<li>Po dostavljanju kompletne dokumentacije AOFI ispla\u0107uje avansna sredstva u visini do 95% nominalne vrednosti ustupljenog potra\u017eivanja umanjena za tro\u0161ak provizije<\/li>\n<li>Po dospe\u0107u fakture, a nakon uplate du\u017enika na ra\u010dun AOFI, vr\u0161i se isplata razlike izme\u0111u ispla\u0107enog avansa i primljene uplate na ra\u010dun izvoznika. Ukoliko je ugovorom precizirano ostatak ovog iznosa AOFI mo\u017ee koristiti za namirenje dospelih obaveza izvoznika<\/li>\n<\/ul>[\/vc_column][\/vc_row][vc_row full_width=&#8220;stretch_row&#8220; el_class=&#8220;second-service&#8220;][vc_column][vc_column_text]FAZE REALIZACIJE FAKTORINGA:[\/vc_column_text]<ul class='dt-sc-fancy-list   circletick'>\n<li>Izvoznik dostavlja popunjen upitnik za faktoring sa drugom zahtevanom dokumentacijom koja je navedena uz upitnik<\/li>\n<li>AOFI pristupa analizi boniteta navedenih du\u017enika iz upitnika i dostavlja indikativnu ponudu sa listom prihvatljivih du\u017enika<\/li>\n<li>Po prihvatanju indikativne ponude priprema se predlog za Izvr\u0161ni odbor AOFI koji donosi kona\u010dnu odluku<\/li>\n<li>Nakon pozitivne odluke Izvr\u0161nog odbora pristupa se potpisivanju ugovora o faktoringu<\/li>\n<li>Po potpisu ugovora i ustupanju potra\u017eivanja za odobrene du\u017enike, AOFI vr\u0161i finansiranje u skladu sa va\u0161im potrebama u devizama ili dinarima<\/li>\n<\/ul>[\/vc_column][\/vc_row][vc_row full_width=&#8220;stretch_row&#8220; el_class=&#8220;first-service&#8220;][vc_column][vc_column_text]CENA FAKTORINGA[\/vc_column_text]<ul class='dt-sc-fancy-list   circletick'>\n<li><a href=\"https:\/\/www.aofi.rs\/wp-content\/uploads\/2023\/03\/Uslovi-faktoringa.pdf\">Odluka o uslovima faktoringa<\/a><\/li>\n<\/ul>[\/vc_column][\/vc_row][vc_row full_width=&#8220;stretch_row&#8220; el_class=&#8220;second-service&#8220;][vc_column][vc_column_text]PREUZMITE DOKUMENTA:[\/vc_column_text]<ul class='dt-sc-fancy-list   circletick'>\n<li><a href=\"https:\/\/www.aofi.rs\/wp-content\/uploads\/2023\/03\/Uslovi-faktoringa.pdf\">Odluka o uslovima faktoringa<\/a><\/li>\n<li><a href=\"https:\/\/www.aofi.rs\/wp-content\/uploads\/2023\/09\/Upitnik-za-izradu-kreditnog-dosijea-klijenta-faktoring-2.docx\">Upitnik za izradu kreditnog dosijea klijenta<\/a><\/li>\n<\/ul>[\/vc_column][\/vc_row][vc_row full_width=&#8220;stretch_row&#8220; el_class=&#8220;first-service&#8220;][vc_column][vc_column_text]LINK ZA PODNO\u0160ENJE ZAHTEVA:[\/vc_column_text]<ul class='dt-sc-fancy-list   circletick'>\n<li><a href=\"https:\/\/portal.aofi.rs\/\" target=\"_blank\" rel=\"noopener\">Aplikacija za podno\u0161enje zahteva<\/a><\/li>\n<\/ul>[\/vc_column][\/vc_row]<\/p>\n","protected":false},"excerpt":{"rendered":"<p>[vc_row el_class=&#8220;first-service&#8220;][vc_column][vc_column_text]\u0160TA JE FAKTORING? Faktoring predstavlja finansijski instrument kojim Faktor \u2013\u00a0Agencija za osiguranje i finansiranje izvoza Republike Srbije (AOFI), kratkoro\u010dno finansira izvozna preduze\u0107a na osnovu nedospelih, nespornih potra\u017eivanja, proisteklih iz [&hellip;]<\/p>\n","protected":false},"author":1,"featured_media":0,"parent":0,"menu_order":0,"comment_status":"closed","ping_status":"closed","template":"","meta":{"footnotes":""},"class_list":["post-15875","page","type-page","status-publish","hentry"],"aioseo_notices":[],"_links":{"self":[{"href":"https:\/\/aofi.rs\/sr\/wp-json\/wp\/v2\/pages\/15875","targetHints":{"allow":["GET"]}}],"collection":[{"href":"https:\/\/aofi.rs\/sr\/wp-json\/wp\/v2\/pages"}],"about":[{"href":"https:\/\/aofi.rs\/sr\/wp-json\/wp\/v2\/types\/page"}],"author":[{"embeddable":true,"href":"https:\/\/aofi.rs\/sr\/wp-json\/wp\/v2\/users\/1"}],"replies":[{"embeddable":true,"href":"https:\/\/aofi.rs\/sr\/wp-json\/wp\/v2\/comments?post=15875"}],"version-history":[{"count":9,"href":"https:\/\/aofi.rs\/sr\/wp-json\/wp\/v2\/pages\/15875\/revisions"}],"predecessor-version":[{"id":16281,"href":"https:\/\/aofi.rs\/sr\/wp-json\/wp\/v2\/pages\/15875\/revisions\/16281"}],"wp:attachment":[{"href":"https:\/\/aofi.rs\/sr\/wp-json\/wp\/v2\/media?parent=15875"}],"curies":[{"name":"wp","href":"https:\/\/api.w.org\/{rel}","templated":true}]}}