{"id":15837,"date":"2024-03-17T21:14:11","date_gmt":"2024-03-17T21:14:11","guid":{"rendered":"https:\/\/aofi.rs\/program-promocije-razvoja-romskog-preduzetnistva\/"},"modified":"2024-04-15T11:37:39","modified_gmt":"2024-04-15T11:37:39","slug":"program-promocije-razvoja-romskog-preduzetnistva","status":"publish","type":"page","link":"https:\/\/aofi.rs\/sr\/program-promocije-razvoja-romskog-preduzetnistva\/","title":{"rendered":"Program promocije razvoja romskog preduzetni\u0161tva"},"content":{"rendered":"<p>[vc_row][vc_column][vc_column_text]<\/p>\n<div class=\"content_row row vc_row wpb_row default-style fullwidth rt-2083338\">\n<div class=\"content_row_wrapper default\">\n<div class=\"vc_col-sm-12 wpb_column vc_column_container rt-7594601 rt-column-container\">\n<div class=\"vc_column-inner rt-column-inner\">\n<div class=\"wpb_wrapper rt-wrapper\">\n<article class=\"content-box content-box2 content-padding\">\n<div class=\"rt-heading-wrapper style-1\">\n<h4 class=\"rt-heading style-1\">Ukratko o programu<\/h4>\n<\/div>\n<div class=\"content-holder\">\n<p>Zakonom o bud\u017eetu Republike Srbije za 2021. godinu (\u201eSlu\u017ebeni glasnik RS\u201d, br. 149\/20 i 40\/21) obezbe\u0111ena su sredstva u iznosu od 120.000.000,00 dinara za realizaciju Programa promocije razvoja romskog preduzetni\u0161tva (u daljem tekstu: Program), a u skladu sa Zaklju\u010dkom Vlade 05 Broj: 023-28-2876\/2021-1 od 1. aprila 2021. godine.<\/p>\n<p>Jedna od dve komponente programa je odobrenje povoljnih bankarskih kredita od strane Banke Po\u0161tanske \u0161tedionice a.d. Beograd (u daljem tekstu: Banka) iz sopstvenih izvora, za koje \u0107e Agencija za osiguranje i finansiranje izvoza Republike Srbije a.d. U\u017eice (u daljem tekstu: AOFI) izdavati garancije.<\/p>\n<p>Pravo da podnesu zahtev za kredit kod banke imaju mikro, mala i srednja privredna dru\u0161tva (u daljem tekstu: MMSP) \u010diji su osniva\u010di rezidenti romske nacionalnosti kao i preduzetnici romske nacionalnosti, \u0161to se potvr\u0111uje dostavljenom izjavom.<\/p>\n<p><strong>Ovim putem AOFI poziva sve zainteresovane privredne subjekte koji ispunjavaju navedeni uslov da podnesu zahtev za kredit kod Banke.<\/strong><\/p>\n<\/div>\n<\/article>\n<\/div>\n<\/div>\n<\/div>\n<\/div>\n<\/div>\n<p>[\/vc_column_text][vc_column_text el_class=&#8220;box-margin&#8220;]<\/p>\n<h4 class=\"rt-heading style-1\">Preuzmite dokumenta:<\/h4>\n<p>[\/vc_column_text]<ul class='dt-sc-fancy-list   circletick'>\n<li><a href=\"https:\/\/www.aofi.rs\/wp-content\/uploads\/2021\/08\/Oglas-javni-poziv-za-podnosenje-zahteva-za-kredite.doc\">Oglas \u2013 javni poziv za podno\u0161enje zahteva za kredite<\/a><\/li>\n<li><a href=\"https:\/\/www.aofi.rs\/wp-content\/uploads\/2021\/09\/Zahtev-za-kredit.doc\">Zahtev za kredit<\/a><\/li>\n<li><a href=\"https:\/\/www.aofi.rs\/wp-content\/uploads\/2021\/08\/Izjava-1.docx\">Izjava 1<\/a><\/li>\n<li><a href=\"https:\/\/www.aofi.rs\/wp-content\/uploads\/2021\/08\/Izjava-2.docx\">Izjava 2<\/a><\/li>\n<li><a href=\"https:\/\/www.aofi.rs\/wp-content\/uploads\/2021\/08\/Izjava-3.docx\">Izjava 3<\/a><\/li>\n<li><a href=\"https:\/\/www.aofi.rs\/wp-content\/uploads\/2021\/08\/Izjava-4.docx\">Izjava 4<\/a><\/li>\n<li><a href=\"https:\/\/www.aofi.rs\/wp-content\/uploads\/2021\/08\/Izjava-5.docx\">Izjava 5<\/a><\/li>\n<li><a href=\"https:\/\/www.aofi.rs\/wp-content\/uploads\/2021\/08\/Izjava-6.docx\">Izjava 6<\/a><\/li>\n<li><a href=\"https:\/\/www.aofi.rs\/wp-content\/uploads\/2021\/08\/Program-promocije-razvoja-romskog-preduzetnistva.pdf\">Program promocije razvoja romskog preduzetni\u0161tva<\/a><\/li>\n<\/ul>[\/vc_column][\/vc_row]<\/p>\n","protected":false},"excerpt":{"rendered":"<p>[vc_row][vc_column][vc_column_text] Ukratko o programu Zakonom o bud\u017eetu Republike Srbije za 2021. godinu (\u201eSlu\u017ebeni glasnik RS\u201d, br. 149\/20 i 40\/21) obezbe\u0111ena su sredstva u iznosu od 120.000.000,00 dinara za realizaciju Programa [&hellip;]<\/p>\n","protected":false},"author":1,"featured_media":0,"parent":0,"menu_order":0,"comment_status":"closed","ping_status":"closed","template":"","meta":{"footnotes":""},"class_list":["post-15837","page","type-page","status-publish","hentry"],"aioseo_notices":[],"_links":{"self":[{"href":"https:\/\/aofi.rs\/sr\/wp-json\/wp\/v2\/pages\/15837","targetHints":{"allow":["GET"]}}],"collection":[{"href":"https:\/\/aofi.rs\/sr\/wp-json\/wp\/v2\/pages"}],"about":[{"href":"https:\/\/aofi.rs\/sr\/wp-json\/wp\/v2\/types\/page"}],"author":[{"embeddable":true,"href":"https:\/\/aofi.rs\/sr\/wp-json\/wp\/v2\/users\/1"}],"replies":[{"embeddable":true,"href":"https:\/\/aofi.rs\/sr\/wp-json\/wp\/v2\/comments?post=15837"}],"version-history":[{"count":1,"href":"https:\/\/aofi.rs\/sr\/wp-json\/wp\/v2\/pages\/15837\/revisions"}],"predecessor-version":[{"id":15838,"href":"https:\/\/aofi.rs\/sr\/wp-json\/wp\/v2\/pages\/15837\/revisions\/15838"}],"wp:attachment":[{"href":"https:\/\/aofi.rs\/sr\/wp-json\/wp\/v2\/media?parent=15837"}],"curies":[{"name":"wp","href":"https:\/\/api.w.org\/{rel}","templated":true}]}}