{"id":15813,"date":"2024-03-17T18:28:12","date_gmt":"2024-03-17T18:28:12","guid":{"rendered":"https:\/\/aofi.rs\/izdavanje-garancija\/"},"modified":"2026-03-02T08:48:11","modified_gmt":"2026-03-02T08:48:11","slug":"izdavanje-garancija","status":"publish","type":"page","link":"https:\/\/aofi.rs\/sr\/izdavanje-garancija\/","title":{"rendered":"Izdavanje garancija"},"content":{"rendered":"<p>[vc_row el_class=&#8220;first-service&#8220;][vc_column][vc_column_text]<\/p>\n<h4 class=\"rt-heading style-1\">\u0160ta podrazumeva izdavanje garancija?<\/h4>\n<p>Podr\u0161ka kroz garancije podrazumeva izdavanje svih tipova garancija u kojima kupac tra\u017ei neku vrstu osiguranja koja \u0107e pokrivati izvoznikovo izvr\u0161enje posla. AOFI izdaje pored \u010dinidbenih i plative garancije.[\/vc_column_text][vc_row_inner][vc_column_inner width=&#8220;1\/2&#8243;][vc_column_text]<\/p>\n<h4 class=\"rt-heading style-1\">Prednosti garancija:<\/h4>\n<p>[\/vc_column_text]<ul class='dt-sc-fancy-list   circletick'>\n<li>Posedovanjem garancije klijent sti\u010de uslov za u\u010de\u0161\u0107e na tenderima<\/li>\n<li>Zahvaljuju\u0107i avansnim garancijama izvo\u0111a\u010d radova br\u017ee dolazi do sredstava<\/li>\n<li>Omogu\u0107ava se dobijanje posla usled garantovanja da \u0107e izvoznik \u2013 izvo\u0111a\u010d radova posao izvr\u0161iti valjano, u skladu sa zahtevima kupca ili investitora<\/li>\n<\/ul>[\/vc_column_inner][vc_column_inner width=&#8220;1\/2&#8243;][vc_column_text]<\/p>\n<h4 class=\"rt-heading style-1\">Ugovorna garancija mo\u017ee da se odnosi na:<\/h4>\n<p>[\/vc_column_text]<ul class='dt-sc-fancy-list   circletick'>\n<li>U\u010de\u0161\u0107e na tenderu<\/li>\n<li>Povra\u0107aj avansnog pla\u0107anja<\/li>\n<li>Dobro izvr\u0161enje posla<\/li>\n<li>Odr\u017eavanje u garantnom periodu<\/li>\n<\/ul>[\/vc_column_inner][\/vc_row_inner][\/vc_column][\/vc_row][vc_row full_width=&#8220;stretch_row&#8220; el_class=&#8220;second-service&#8220;][vc_column][vc_column_text]<\/p>\n<div class=\"rt-heading-wrapper style-1\">\n<div class=\"rt-heading-wrapper style-1\">\n<div class=\"rt-heading-wrapper style-1\">\n<h4 class=\"rt-heading style-1\">Potrebna dokumentacija:<\/h4>\n<\/div>\n<\/div>\n<\/div>\n<p>[\/vc_column_text]<ul class='dt-sc-fancy-list   circletick'>\n<li>Zahtev za odobravanje plasmana na memorandumu firme, overen i potpisan<\/li>\n<li>Popunjen\u00a0<em>Upitnik za izradu kreditnog dosijea\u00a0AOFI<\/em><\/li>\n<li>Kopija ugovora o izvoznom poslu koji je predmet finansiranja\/izdavanja garancija<\/li>\n<li>Popunjena\u00a0<em>Saglasnost klijenta \u2013 Kreditni biro\u00a0<\/em>za povla\u010denje izve\u0161taja<\/li>\n<li>Zaklju\u010dni list na poslednji dan prethodnog meseca<\/li>\n<li>Zaklju\u010dni list na 31. 12. 2024. godine<\/li>\n<li>Zvani\u010dni finansijski izve\u0161taj za poslednje dve godine<\/li>\n<li>Revizorski izve\u0161taj za poslednje dve godine (za lica kod kojih postoji zakonska obaveza)<\/li>\n<li>Analiti\u010dke kartice kupaca i dobavlja\u010da<\/li>\n<li>Statusna dokumentacija (Izvod iz APR-a, OP obrazac, PIB, Odluka o osnivanju, va\u017ee\u0107i statut sa svim izmenama)<\/li>\n<li>Potvrda Poreske uprave o izmirenim poreskim obavezama<\/li>\n<li>Spisak sredstava obezbe\u0111enja<\/li>\n<\/ul>[\/vc_column][\/vc_row][vc_row full_width=&#8220;stretch_row&#8220; el_class=&#8220;first-service&#8220;][vc_column][vc_column_text]<\/p>\n<h4 class=\"rt-heading style-1\">Preuzmite dokumenta:<\/h4>\n<p>[\/vc_column_text]<ul class='dt-sc-fancy-list   circletick'>\n<li><a href=\"https:\/\/www.aofi.rs\/wp-content\/uploads\/2021\/10\/Odluka-o-uslovima-izdavanja-garancija.pdf\" target=\"_blank\" rel=\"noopener\">Odluka o uslovima garantovanja<\/a><\/li>\n<li><a href=\"https:\/\/www.aofi.rs\/dokumenta\/Saglasnost-klijenta-Kreditni-Biro.pdf\" target=\"_blank\" rel=\"noopener\">Saglasnost klijenta \u2013 Kreditni biro<\/a><\/li>\n<\/ul>[\/vc_column][\/vc_row][vc_row full_width=&#8220;stretch_row&#8220; el_class=&#8220;second-service&#8220;][vc_column][vc_column_text]<\/p>\n<h4 class=\"rt-heading style-1\">LINK ZA PODNO\u0160ENJE ZAHTEVA:<\/h4>\n<p>[\/vc_column_text]<ul class='dt-sc-fancy-list   circletick'>\n<li><a href=\"https:\/\/portal.aofi.rs\/\" target=\"_blank\" rel=\"noopener\">Aplikacija za podno\u0161enje zahteva<\/a><\/li>\n<\/ul>[\/vc_column][\/vc_row]<\/p>\n","protected":false},"excerpt":{"rendered":"<p>[vc_row el_class=&#8220;first-service&#8220;][vc_column][vc_column_text] \u0160ta podrazumeva izdavanje garancija? Podr\u0161ka kroz garancije podrazumeva izdavanje svih tipova garancija u kojima kupac tra\u017ei neku vrstu osiguranja koja \u0107e pokrivati izvoznikovo izvr\u0161enje posla. AOFI izdaje pored [&hellip;]<\/p>\n","protected":false},"author":1,"featured_media":0,"parent":0,"menu_order":0,"comment_status":"closed","ping_status":"closed","template":"","meta":{"footnotes":""},"class_list":["post-15813","page","type-page","status-publish","hentry"],"aioseo_notices":[],"_links":{"self":[{"href":"https:\/\/aofi.rs\/sr\/wp-json\/wp\/v2\/pages\/15813","targetHints":{"allow":["GET"]}}],"collection":[{"href":"https:\/\/aofi.rs\/sr\/wp-json\/wp\/v2\/pages"}],"about":[{"href":"https:\/\/aofi.rs\/sr\/wp-json\/wp\/v2\/types\/page"}],"author":[{"embeddable":true,"href":"https:\/\/aofi.rs\/sr\/wp-json\/wp\/v2\/users\/1"}],"replies":[{"embeddable":true,"href":"https:\/\/aofi.rs\/sr\/wp-json\/wp\/v2\/comments?post=15813"}],"version-history":[{"count":6,"href":"https:\/\/aofi.rs\/sr\/wp-json\/wp\/v2\/pages\/15813\/revisions"}],"predecessor-version":[{"id":16283,"href":"https:\/\/aofi.rs\/sr\/wp-json\/wp\/v2\/pages\/15813\/revisions\/16283"}],"wp:attachment":[{"href":"https:\/\/aofi.rs\/sr\/wp-json\/wp\/v2\/media?parent=15813"}],"curies":[{"name":"wp","href":"https:\/\/api.w.org\/{rel}","templated":true}]}}