{"id":15810,"date":"2024-03-11T19:40:58","date_gmt":"2024-03-11T19:40:58","guid":{"rendered":"https:\/\/aofi.rs\/osiguranje-potrazivanja\/"},"modified":"2026-02-10T12:25:02","modified_gmt":"2026-02-10T12:25:02","slug":"osiguranje-potrazivanja","status":"publish","type":"page","link":"https:\/\/aofi.rs\/sr\/osiguranje-potrazivanja\/","title":{"rendered":"Osiguranje potra\u017eivanja"},"content":{"rendered":"<p>[vc_row el_class=&#8220;first-service&#8220;][vc_column][vc_column_text]<\/p>\n<h4 class=\"rt-heading style-1\">\u0160ta obezbe\u0111uje osiguranje potra\u017eivanja?<\/h4>\n<p>Osiguranje potra\u017eivanja Vam obezbe\u0111uje sigurnost i izvesnost u naplati. U uslovima savremenog spoljnotrgovinskog poslovanja privredna dru\u0161tva su u obavljanju svojih poslova izlo\u017eena mnogobrojnim rizicima. Izvesnost da \u0107e se potra\u017eivanja po izvoznim i doma\u0107im poslovima realizovati, preduslov je za nesmetano poslovanje i planiranje, odnosno odr\u017eiv rast.<\/p>\n<p><strong>Potra\u017eivanja su Va\u0161a imovina \u2013 ne rizikujte!<\/strong><br \/>\nAko je Va\u0161 cilj pove\u0107anje konkurentnosti, ulazak na nova tr\u017ei\u0161ta i ve\u0107i broj kupaca, svojim klijentima morate ponuditi odlo\u017eene rokove pla\u0107anja.<br \/>\n<strong>ALI<\/strong>, prodajom svojih proizvoda i\/ili usluga na odlo\u017eeno pla\u0107anje\u00a0<strong>rizikujete<\/strong>\u00a0da izgubite deo imovine i ugrozite svoje poslovanje.<br \/>\nAko je Va\u0161 cilj odgovorno poslovanje, osiguranjem potra\u017eivanja obezbe\u0111ujete sigurnost u naplati i pouzdanog partnera u upravljanju rizicima.[\/vc_column_text][\/vc_column][\/vc_row][vc_row full_width=&#8220;stretch_row&#8220; el_class=&#8220;second-service&#8220;][vc_column width=&#8220;1\/2&#8243;][vc_column_text]<\/p>\n<h4 class=\"rt-heading style-1\">Kako osiguranjem potra\u017eivanja obezbe\u0111ujete sigurno i stabilno poslovanje?<\/h4>\n<p>Poslovima kreditnog osiguranja se uspe\u0161no bavimo vi\u0161e od 10 godina. Na\u0161e dosada\u0161nje iskustvo je pokazalo da nema sigurnih kupaca. Kada sklopite posao sa stranim ili doma\u0107im kupcem sa odlo\u017eenim rokom pla\u0107anja, uvek postoji rizik da isporu\u010denu robu ili izvr\u0161ene usluge ne naplatite.[\/vc_column_text]<ul class='dt-sc-fancy-list   circletick'>\n<li>Za\u0161tititi svoje poslovanje prenosom rizika nepla\u0107anja na nas, kao Va\u0161eg osigurava\u010da<\/li>\n<li>Ponuditi kupcima odlo\u017eene rokove pla\u0107anja<\/li>\n<li>Pove\u0107ati konkurentnost<\/li>\n<li>\u0160irenje na nova tr\u017ei\u0161ta i pove\u0107anje broja kupaca<\/li>\n<li>Rast prodaje<\/li>\n<\/ul>[\/vc_column][vc_column width=&#8220;1\/2&#8243;][vc_column_text]<\/p>\n<h4 class=\"rt-heading style-1\">\u0160ta dobijate osiguranjem potra\u017eivanja?<\/h4>\n<p>[\/vc_column_text]<ul class='dt-sc-fancy-list   circletick'>\n<li>Preventivu, u smislu analize kupaca, pokri\u0107e kupaca na svim kontinentima<\/li>\n<li>Zna\u010dajno pobolj\u0161anje konkurentnosti na osnovu prodaje na odlo\u017eeno pla\u0107anje, ni\u017eih tro\u0161kova u pore\u0111enju sa drugim sredstvima obezbe\u0111enja<\/li>\n<li>Stalni monitoring postoje\u0107ih i potencijalnih kupaca<\/li>\n<li>Mo\u017eete \u0161iriti prodaju na nova tr\u017ei\u0161ta<\/li>\n<li>Pove\u0107anje prihoda i profitabilnosti<\/li>\n<li>Sigurnost kroz prenos rizika nepla\u0107anja na osigurava\u010da, isplata \u0161tete, \u0161to ukazuje da na odgovoran na\u010din upravljate rizicima<\/li>\n<li>Pobolj\u0161anje likvidnosti<\/li>\n<li>Mo\u017eete ostvariti bolji pristup finansiranju<\/li>\n<\/ul>[\/vc_column][\/vc_row][vc_row el_class=&#8220;first-service&#8220;][vc_column][vc_column_text]<\/p>\n<div class=\"rt-heading-wrapper style-1\">\n<div class=\"rt-heading-wrapper style-1\">\n<h4 class=\"rt-heading style-1\">Ako Vam kupac ne plati, a niste osigurani, mo\u017eete li priu\u0161titi gubitak novca?<\/h4>\n<\/div>\n<div class=\"content-holder\">\n<p>Nepredvi\u0111ene okolnosti i promene na tr\u017ei\u0161tu mogu \u010dak i Va\u0161e dugogodi\u0161nje kupce dovesti u situaciju da nisu u mogu\u0107nosti da izmire svoje obaveze.<br \/>\n<em><strong>Ako poslujete uz profitnu mar\u017eu od 5% za pokri\u0107e nenepla\u0107enog potra\u017eivanja od samo 10.000 EUR morate pove\u0107ati svoj prihod za 200.000 EUR.<\/strong><\/em><\/div>\n<\/div>\n<p>[\/vc_column_text]<ul class='dt-sc-fancy-list   circletick'>\n<li>Komercijalnih rizika<\/li>\n<li>Nekomercijalnih rizika<\/li>\n<\/ul>[\/vc_column][\/vc_row][vc_row full_width=&#8220;stretch_row&#8220; el_class=&#8220;second-service&#8220;][vc_column width=&#8220;1\/2&#8243;][vc_column_text]<\/p>\n<div class=\"rt-heading-wrapper style-1\">\n<h4 class=\"rt-heading style-1\">Osiguranje kratkoro\u010dnih potra\u017eivanja, OD KOMERCIJALNIH RIZIKA:<\/h4>\n<\/div>\n<div class=\"content-holder\">\n<p>Predmet osiguranja su kratkoro\u010dna nov\u010dana potra\u017eivanja osiguranika na osnovu isporu\u010dene robe ili izvr\u0161enih usluga kupcima, koja su nastala i prijavljena u periodu va\u017eenja ugovora o osiguranju i za koja je osiguranik ispostavio fakture kupcima sa odlo\u017eenim rokom pla\u0107anja do 180 dana.<br \/>\nKomercijalni rizici pokriveni ovim proizvodom osiguranja su:<\/div>\n<p>[\/vc_column_text]<ul class='dt-sc-fancy-list   circletick'>\n<li>Rizik insolventnosti kupca (ste\u010daj, bankrotstvo) i<\/li>\n<li>Rizik produ\u017eenog nepla\u0107anja duga<\/li>\n<\/ul>[\/vc_column][vc_column width=&#8220;1\/2&#8243;][vc_column_text]<\/p>\n<h4 class=\"rt-heading style-1\">\u0160ta dobijate osiguranjem potra\u017eivanja?<\/h4>\n<p>[\/vc_column_text][vc_column_text]AOFI ispla\u0107uje od\u0161tetu u slu\u010daju ostvarenja navedenih nekomercijalnih rizika:[\/vc_column_text]<ul class='dt-sc-fancy-list   circletick'>\n<li>Nepla\u0107anje duga u roku od \u0161est meseci od ugovorenog roka dospelosti ako je du\u017enik dr\u017eava, dr\u017eavna organizacija ili lice za koje garantuje dr\u017eava, odnosno dr\u017eavna organizacija<\/li>\n<li>Politi\u010dki doga\u0111aji u zemlji du\u017enika ili ratno stanje u dr\u017eavi \u010diji je dr\u017eavljanin du\u017enik sa drugom dr\u017eavom<\/li>\n<li>Op\u0161ti moratorijum pla\u0107anja, nemogu\u0107nosti konverzije valute zemlje du\u017enika u konvertibilne valute ili zabrane transfera, do isteka tih zabrana<\/li>\n<li>Zabrana uvoza robe ili usluga od dr\u017eave ili dr\u017eavne organizacije kao kupca ili korisnika usluga<\/li>\n<li>Jednostrani raskid ugovora od dr\u017eave ili dr\u017eavne organizacije kao kupca ili korisnika usluga, osim kada je do jednostranog raskida do\u0161lo usled povrede carinskih ili zdravstvenih propisa dr\u017eave uvoznika, odnosno dr\u017eave korisnika usluga<\/li>\n<li>Zaplena, o\u0161te\u0107enje, zabrana raspolaganja ili uni\u0161tenje robe, u\u010dinjenih od strane dr\u017eave ili njenih institucija, od \u010dasa prelaska robe preko dr\u017eavne granice do prispe\u0107a inostranom kupcu<\/li>\n<\/ul>[\/vc_column][\/vc_row][vc_row el_class=&#8220;first-service&#8220;][vc_column][vc_column_text]<\/p>\n<div class=\"rt-heading-wrapper style-1\">\n<div class=\"rt-heading-wrapper style-1\">\n<h4 class=\"rt-heading style-1\">Procedura osiguranja:<\/h4>\n<\/div>\n<\/div>\n<p>[\/vc_column_text]<ul class='dt-sc-fancy-list   circletick'>\n<li>Izvoznik upu\u0107uje zahtev za osiguranje potra\u017eivanja i dostavlja neophodnu dokumentaciju<\/li>\n<li>Stru\u010dna slu\u017eba AOFI dostavlja izvozniku indikativnu ponudu<\/li>\n<li>Ukoliko se izvoznik slo\u017ei sa indikativnom ponudom, stru\u010dna slu\u017eba AOFI naru\u010duje bonitete za sve kupce kojima klijent daje odlo\u017eene rokove pla\u0107anja<\/li>\n<li>Stru\u010dna slu\u017eba AOFI, analizira bonitete kupaca i odre\u0111uje visine kreditnih limita<\/li>\n<li>Izvozniku se dostavlja finalna ponuda nakon koje, ukoliko je izvoznik prihvati, sledi potpisivanje polise osiguranja<\/li>\n<\/ul>[\/vc_column][\/vc_row][vc_row full_width=&#8220;stretch_row&#8220; el_class=&#8220;second-service&#8220;][vc_column][vc_column_text]<\/p>\n<div class=\"rt-heading-wrapper style-1\">\n<div class=\"rt-heading-wrapper style-1\">\n<h4 class=\"rt-heading style-1\">Preuzmite dokumenta:<\/h4>\n<\/div>\n<\/div>\n<p>[\/vc_column_text]<div id=\"container\">\n<div id=\"main_content\">\n<div class=\"content_row row vc_row wpb_row default-style fullwidth rt-2205532\">\n<div class=\"content_row_wrapper default\">\n<div class=\"vc_col-sm-12 wpb_column vc_column_container rt-4527489 rt-column-container\">\n<div class=\"vc_column-inner rt-column-inner\">\n<div class=\"wpb_wrapper rt-wrapper\">\n<article class=\"content-box content-box2 content-padding\">\n<div class=\"content-holder\">\n<div class=\"bullet-list style-1 arrow\">\n<ul class='dt-sc-fancy-list   circletick'>\n<li><a href=\"https:\/\/www.aofi.rs\/wp-content\/uploads\/2026\/02\/HODOGRAM.pdf\">Hodogram<\/a><\/li>\n<li><a href=\"https:\/\/www.aofi.rs\/wp-content\/uploads\/2025\/12\/Zahtev za osiguranje potra\u017eivanja.xlsx\">Zahtev za osiguranje potra\u017eivanja<\/a><\/li>\n<li><a href=\"https:\/\/www.aofi.rs\/wp-content\/uploads\/2025\/12\/Zahtev-za-kreditne-limite.xls\">Zahtev za kreditne limite<\/a><\/li>\n<li><a href=\"https:\/\/www.aofi.rs\/wp-content\/uploads\/2025\/12\/Zahtev-za-naplatu-naknade-iz-osiguranja.docx\">Zahtev za naplatu naknade iz osiguranja<\/a><\/li>\n<\/ul>\n<\/div>\n<\/div>\n<\/article>\n<\/div>\n<\/div>\n<\/div>\n<\/div>\n<\/div>\n<\/div>\n<\/div>[\/vc_column][\/vc_row]<\/p>\n","protected":false},"excerpt":{"rendered":"<p>[vc_row el_class=&#8220;first-service&#8220;][vc_column][vc_column_text] \u0160ta obezbe\u0111uje osiguranje potra\u017eivanja? Osiguranje potra\u017eivanja Vam obezbe\u0111uje sigurnost i izvesnost u naplati. U uslovima savremenog spoljnotrgovinskog poslovanja privredna dru\u0161tva su u obavljanju svojih poslova izlo\u017eena mnogobrojnim rizicima. [&hellip;]<\/p>\n","protected":false},"author":1,"featured_media":0,"parent":0,"menu_order":0,"comment_status":"closed","ping_status":"closed","template":"","meta":{"footnotes":""},"class_list":["post-15810","page","type-page","status-publish","hentry"],"aioseo_notices":[],"_links":{"self":[{"href":"https:\/\/aofi.rs\/sr\/wp-json\/wp\/v2\/pages\/15810","targetHints":{"allow":["GET"]}}],"collection":[{"href":"https:\/\/aofi.rs\/sr\/wp-json\/wp\/v2\/pages"}],"about":[{"href":"https:\/\/aofi.rs\/sr\/wp-json\/wp\/v2\/types\/page"}],"author":[{"embeddable":true,"href":"https:\/\/aofi.rs\/sr\/wp-json\/wp\/v2\/users\/1"}],"replies":[{"embeddable":true,"href":"https:\/\/aofi.rs\/sr\/wp-json\/wp\/v2\/comments?post=15810"}],"version-history":[{"count":4,"href":"https:\/\/aofi.rs\/sr\/wp-json\/wp\/v2\/pages\/15810\/revisions"}],"predecessor-version":[{"id":16262,"href":"https:\/\/aofi.rs\/sr\/wp-json\/wp\/v2\/pages\/15810\/revisions\/16262"}],"wp:attachment":[{"href":"https:\/\/aofi.rs\/sr\/wp-json\/wp\/v2\/media?parent=15810"}],"curies":[{"name":"wp","href":"https:\/\/api.w.org\/{rel}","templated":true}]}}