{"id":15780,"date":"2024-03-03T14:24:53","date_gmt":"2024-03-03T14:24:53","guid":{"rendered":"https:\/\/aofi.rs\/medunarodna-saradnja\/"},"modified":"2024-04-14T22:43:05","modified_gmt":"2024-04-14T22:43:05","slug":"medunarodna-saradnja","status":"publish","type":"page","link":"https:\/\/aofi.rs\/sr\/medunarodna-saradnja\/","title":{"rendered":"Me\u0111unarodna saradnja"},"content":{"rendered":"<p>[vc_row][vc_column][vc_column_text]AOFI je u dosada\u0161njem radu uspostavila saradnju i potpisala ugovore o saradnji sa brojnim me\u0111unarodnim institucijama i bankama.<\/p>\n<p><strong>AOFI je aktivna \u010dlanica:<\/strong><\/p>\n<p><a href=\"https:\/\/www.berneunion.org\/\"><img loading=\"lazy\" decoding=\"async\" class=\"alignleft wp-image-6248 size-full\" src=\"https:\/\/www.aofi.rs\/wp-content\/uploads\/2018\/05\/brneunion.png\" sizes=\"auto, (max-width: 221px) 100vw, 221px\" srcset=\"https:\/\/aofi.rs\/wp-content\/uploads\/2018\/05\/brneunion.png 221w, https:\/\/aofi.rs\/wp-content\/uploads\/2018\/05\/brneunion-110x18.png 110w\" alt=\"\" width=\"221\" height=\"36\" \/><\/a><\/p>\n<p>&nbsp;<\/p>\n<p>&nbsp;<\/p>\n<p>Od decembra 2006. godine AOFI je aktivna \u010dlanica Bernske unije koja broji vi\u0161e od 80 \u010dlanica \u2013 izvozno-kreditnih agencija, banaka i privatnih osigurava\u010da potra\u017eivanja iz celog sveta.<\/p>\n<p>Na\u00a0<a href=\"https:\/\/www.berneunion.org\/\" target=\"_blank\" rel=\"noopener noreferrer\">sajtu Bernske unije<\/a>\u00a0mo\u017eete preuzeti\u00a0<a href=\"https:\/\/www.berneunion.org\/Members\" target=\"_blank\" rel=\"noopener noreferrer\">listu \u010dlanica<\/a>\u00a0i saznati vi\u0161e o ovoj asocijaciji osigurava\u010da i reosigurava\u010da.<\/p>\n<p>AOFI je u periodu 02 \u2013 05. decembar 2012. godine bila doma\u0107in\u00a0<a href=\"https:\/\/aofi.rs\/odrzano-jesenje-zasedanje-praskog-kluba-u-beogradu-2-5-decembar-2012-godine-2\/\">Jesenjeg zasedanja \u010dlanica Pra\u0161kog kluba Bernske unije.<\/a>\u00a0Glavna tema skupa bila je podr\u0161ka izvoznicima kroz institut osiguranja \u010dime se smanjuje rizik poslovanja izvoznika.<\/p>\n<p>Specijalisti\u010dki skup \u2013 \u0160tete i regresi za \u010dlanice Bernske unije odr\u017ean je u decembru 2015. godine u Beogradu.\u00a0<a href=\"https:\/\/aofi.rs\/%d1%81%d0%bf%d0%b5%d1%86%d0%b8%d1%98%d0%b0%d0%bb%d0%b8%d1%81%d1%82%d0%b8%d1%87%d0%ba%d0%b8-%d1%81%d0%ba%d1%83%d0%bf-%d0%b3%d0%b0%d0%bb%d0%b5%d1%80%d0%b8%d1%98%d0%b0\/\">Doma\u0107in trodnevnog skupa za preko 80 stru\u010dnjaka iz celog sveta ponovo je bila AOFI.<\/a><\/p>\n<p><a href=\"https:\/\/aofi.rs\/category\/bernska-unija-2017-cir\/\">Godi\u0161nja konferencija \u010dlanica Bernske unije<\/a>\u00a0sa 260 u\u010desnika iz preko 70 zemalja iz celog sveta odr\u017eana je u Beogradu od 01. do 05. oktobra 2017. godine. Poverenje Bernske unije da organizuje skup \u010dlanica najvi\u0161eg ranga po tre\u0107i put pripalo je AOFI.<\/p>\n<p><a href=\"https:\/\/fci.nl\/en\/home\" target=\"_blank\" rel=\"noopener noreferrer\"><img loading=\"lazy\" decoding=\"async\" class=\"alignleft wp-image-5044 size-full\" src=\"https:\/\/www.aofi.rs\/wp-content\/uploads\/2018\/03\/FCI.png?_t=1537260331\" sizes=\"auto, (max-width: 200px) 100vw, 200px\" srcset=\"https:\/\/aofi.rs\/wp-content\/uploads\/2018\/03\/FCI.png 200w, https:\/\/aofi.rs\/wp-content\/uploads\/2018\/03\/FCI-100x70.png 100w\" alt=\"\" width=\"200\" height=\"140\" \/><\/a><\/p>\n<p>&nbsp;<\/p>\n<p>&nbsp;<\/p>\n<p>&nbsp;<\/p>\n<p>&nbsp;<\/p>\n<p>U januaru 2008. godine AOFI je primljena u \u010dlanstvo\u00a0<em>\u00a0FCI \u2013 Factors Chain International\u00a0<\/em>\u2013 me\u0111unarodne faktoring asocijacije koja ima preko 200 \u010dlanica iz 65 zemalja sveta. Vi\u0161e informacija o\u00a0<em>FCI<\/em>\u00a0asocijaciji mo\u017eete pro\u010ditati\u00a0<a href=\"https:\/\/fci.nl\/en\/home\" target=\"_blank\" rel=\"noopener noreferrer\">ovde<\/a><\/p>\n<p>Ugovore o me\u0111unarodnoj saradnji potpisali smo sa \u010dlanicama Bernske unije:<\/p>\n<ul>\n<li><a href=\"https:\/\/eximbank.gov.tr\/\">TURK EXIMBANK \u2013 Turska<\/a>\u2013 Jun 2019. godine<\/li>\n<li><a href=\"http:\/\/www.ecgc.in\/\"><em>ECGC LIMITED<\/em>\u00a0\u2013 Indija<\/a>\u00a0\u2013 2017. godine<\/li>\n<li><a href=\"http:\/\/www.bancomext.com\/\" target=\"_blank\" rel=\"noopener noreferrer\"><em>BANCOMEXT<\/em>\u00a0\u2013 Meksiko<\/a>\u2013 2017. godine<\/li>\n<li><a href=\"http:\/\/www.eca-watch.org\/ecas\/sinosure\" target=\"_blank\" rel=\"noopener noreferrer\">SINOSURE \u2013 Kina<\/a>\u00a0\u2013 2016. godine<\/li>\n<li><a href=\"http:\/\/www.oaep.gr\/\" target=\"_blank\" rel=\"noopener noreferrer\"><em>ECIO<\/em>\u00a0\u2013 Gr\u010dka<\/a>\u00a0\u2013 mart 2011. godine<\/li>\n<li><a href=\"http:\/\/www.eximbanka.sk\/\" target=\"_blank\" rel=\"noopener noreferrer\"><em>EXIMBANKA SR<\/em>\u00a0\u2013 Slova\u010dka<\/a>\u00a0\u2013 novembar 2009. godine<\/li>\n<li><a href=\"http:\/\/www.eximgarant.by\/\" target=\"_blank\" rel=\"noopener noreferrer\"><em>BELEKSIMGARANT<\/em>\u00a0\u2013 Belorusija<\/a>\u00a0\u2013 septembar 2009. godine<\/li>\n<li><a href=\"http:\/\/www.baez-bg.com\/\" target=\"_blank\" rel=\"noopener noreferrer\"><em>BAEZ<\/em>\u00a0\u2013 Bugarska<\/a>\u00a0\u2013 april 2009. godine<\/li>\n<li><a href=\"http:\/\/www.egfi.ir\/\" target=\"_blank\" rel=\"noopener noreferrer\"><em>EGFI<\/em>\u00a0\u2013 Iran<\/a>\u00a0\u2013 novembar 2008. godine<\/li>\n<li><a href=\"http:\/\/www.eximbank.ro\/\" target=\"_blank\" rel=\"noopener noreferrer\"><em>EXIMBANK RO<\/em>\u00a0\u2013 Rumunija<\/a>\u00a0\u2013 maj 2008. godine<\/li>\n<li><a href=\"http:\/\/www.uzbekinvest.uz\/\" target=\"_blank\" rel=\"noopener noreferrer\"><em>UZBEKINVEST<\/em>\u00a0\u2013 Uzbekistan<\/a>\u00a0\u2013 maj 2008. godine<\/li>\n<li><a href=\"http:\/\/www.sace.it\/\" target=\"_blank\" rel=\"noopener noreferrer\"><em>SACE<\/em>\u00a0\u2013 Italija<\/a>\u00a0\u2013 novembar 2006. godine<\/li>\n<li><a href=\"http:\/\/www.sid.si\/\" target=\"_blank\" rel=\"noopener noreferrer\"><em>SID<\/em>\u00a0\u2013 Slovenija<\/a>\u00a0\u2013 septembar 2006. godine<\/li>\n<li><a href=\"http:\/\/www.igabih.com\/\" target=\"_blank\" rel=\"noopener noreferrer\"><em>IGA BIH<\/em>\u00a0\u2013 Bosna i Hercegovina<\/a>\u00a0\u2013 septembar 2006. godine<\/li>\n<li><a href=\"http:\/\/www.mbdp.com.mk\/\" target=\"_blank\" rel=\"noopener noreferrer\"><em>MBDP<\/em>\u00a0\u2013 Makedonija<\/a>\u00a0\u2013 maj 2006. godine<\/li>\n<\/ul>\n<p>[\/vc_column_text][\/vc_column][\/vc_row]<\/p>\n","protected":false},"excerpt":{"rendered":"<p>[vc_row][vc_column][vc_column_text]AOFI je u dosada\u0161njem radu uspostavila saradnju i potpisala ugovore o saradnji sa brojnim me\u0111unarodnim institucijama i bankama. AOFI je aktivna \u010dlanica: &nbsp; &nbsp; Od decembra 2006. godine AOFI je [&hellip;]<\/p>\n","protected":false},"author":1,"featured_media":0,"parent":0,"menu_order":0,"comment_status":"closed","ping_status":"closed","template":"","meta":{"footnotes":""},"class_list":["post-15780","page","type-page","status-publish","hentry"],"aioseo_notices":[],"_links":{"self":[{"href":"https:\/\/aofi.rs\/sr\/wp-json\/wp\/v2\/pages\/15780","targetHints":{"allow":["GET"]}}],"collection":[{"href":"https:\/\/aofi.rs\/sr\/wp-json\/wp\/v2\/pages"}],"about":[{"href":"https:\/\/aofi.rs\/sr\/wp-json\/wp\/v2\/types\/page"}],"author":[{"embeddable":true,"href":"https:\/\/aofi.rs\/sr\/wp-json\/wp\/v2\/users\/1"}],"replies":[{"embeddable":true,"href":"https:\/\/aofi.rs\/sr\/wp-json\/wp\/v2\/comments?post=15780"}],"version-history":[{"count":2,"href":"https:\/\/aofi.rs\/sr\/wp-json\/wp\/v2\/pages\/15780\/revisions"}],"predecessor-version":[{"id":15782,"href":"https:\/\/aofi.rs\/sr\/wp-json\/wp\/v2\/pages\/15780\/revisions\/15782"}],"wp:attachment":[{"href":"https:\/\/aofi.rs\/sr\/wp-json\/wp\/v2\/media?parent=15780"}],"curies":[{"name":"wp","href":"https:\/\/api.w.org\/{rel}","templated":true}]}}