{"id":15770,"date":"2016-11-07T07:59:10","date_gmt":"2016-11-07T07:59:10","guid":{"rendered":"https:\/\/aofi.rs\/home-iii\/"},"modified":"2025-12-17T21:02:04","modified_gmt":"2025-12-17T21:02:04","slug":"home-iii","status":"publish","type":"page","link":"https:\/\/aofi.rs\/sr\/","title":{"rendered":"Po\u010detna"},"content":{"rendered":"<p>[vc_row css=&#8220;.vc_custom_1709423635916{padding-top: 100px !important;padding-bottom: 100px !important;}&#8220; el_class=&#8220;pocetna-usluge&#8220;][vc_column][vc_column_text]<\/p>\n<h2 style=\"text-align: center;\">USLUGE AGENCIJE ZA OSIGURANjE I FINANSIRANjE IZVOZA<\/h2>\n<p>[\/vc_column_text][vc_row_inner css=&#8220;.vc_custom_1709423940041{margin-top: 30px !important;}&#8220;][vc_column_inner width=&#8220;1\/3&#8243;]<div class='dt-sc-image-caption type8 '><div class='dt-sc-image-wrapper'><a target=\"_self\" href=\"https:\/\/aofi.rs\/usluge\/osiguranje-potrazivanja\/\"><img loading=\"lazy\" decoding=\"async\" width=\"172\" height=\"188\" src=\"https:\/\/aofi.rs\/wp-content\/uploads\/2024\/03\/osiguranje-izvoza.png\" class=\"attachment-full\" alt=\"\" \/><\/a><\/div><div class='dt-sc-image-content'><div class='dt-sc-image-title'><h3><a href=\"https:\/\/aofi.rs\/usluge\/osiguranje-potrazivanja\/\" target=\"_self\">Osiguranje potra\u017eivanja<\/a><\/h3><\/div><p>Osigurajte svoja potra\u017eivanja i poslujte bez rizika sa na\u0161im re\u0161enjima za osiguranje.<\/p><\/div><\/div>[\/vc_column_inner][vc_column_inner width=&#8220;1\/3&#8243;]<div class='dt-sc-image-caption type8 '><div class='dt-sc-image-wrapper'><a target=\"_self\" href=\"https:\/\/aofi.rs\/usluge\/izdavanje-garancija\/\"><img loading=\"lazy\" decoding=\"async\" width=\"288\" height=\"188\" src=\"https:\/\/aofi.rs\/wp-content\/uploads\/2024\/03\/izdavanje-garancija.png\" class=\"attachment-full\" alt=\"\" \/><\/a><\/div><div class='dt-sc-image-content'><div class='dt-sc-image-title'><h3><a href=\"https:\/\/aofi.rs\/usluge\/izdavanje-garancija\/\" target=\"_self\">Izdavanje garancija<\/a><\/h3><\/div><p>Osigurajte uspeh va\u0161ih poslovnih poduhvata kroz na\u0161e usluge izdavanja raznovrsnih garancija.<\/p><\/div><\/div>[\/vc_column_inner][vc_column_inner width=&#8220;1\/3&#8243;]<div class='dt-sc-image-caption type8 '><div class='dt-sc-image-wrapper'><a target=\"_self\" href=\"https:\/\/aofi.rs\/usluge\/kratkorocno-kreditiranje\/\"><img loading=\"lazy\" decoding=\"async\" width=\"146\" height=\"188\" src=\"https:\/\/aofi.rs\/wp-content\/uploads\/2024\/03\/kratkorocno-kreditiranje.png\" class=\"attachment-full\" alt=\"\" \/><\/a><\/div><div class='dt-sc-image-content'><div class='dt-sc-image-title'><h3><a href=\"https:\/\/aofi.rs\/usluge\/kratkorocno-kreditiranje\/\" target=\"_self\">Kratkoro\u010dno kreditiranje<\/a><\/h3><\/div><p>Obezbedite finansiranje obrtnih sredstava kroz na\u0161e usluge kratkoro\u010dnog kreditiranja prilago\u0111ene potrebama izvoznika.<\/p><\/div><\/div>[\/vc_column_inner][\/vc_row_inner][vc_row_inner css=&#8220;.vc_custom_1709423927867{margin-top: 30px !important;}&#8220;][vc_column_inner width=&#8220;1\/3&#8243;]<div class='dt-sc-image-caption type8 '><div class='dt-sc-image-wrapper'><a target=\"_self\" href=\"https:\/\/aofi.rs\/usluge\/faktoring\/\"><img loading=\"lazy\" decoding=\"async\" width=\"130\" height=\"188\" src=\"https:\/\/aofi.rs\/wp-content\/uploads\/2024\/03\/faktoring.png\" class=\"attachment-full\" alt=\"\" \/><\/a><\/div><div class='dt-sc-image-content'><div class='dt-sc-image-title'><h3><a href=\"https:\/\/aofi.rs\/usluge\/faktoring\/\" target=\"_self\">Faktoring<\/a><\/h3><\/div><p>Unapredite svoju likvidnost i obezbedite brzu naplatu potra\u017eivanja kroz na\u0161e usluge faktoringa, prilago\u0111ene izvoznicima.<\/p><\/div><\/div>[\/vc_column_inner][vc_column_inner width=&#8220;1\/3&#8243;]<div class='dt-sc-image-caption type8 '><div class='dt-sc-image-wrapper'><a target=\" _blank\" href=\"https:\/\/inovacije.srbijastvara.rs\/\"><img loading=\"lazy\" decoding=\"async\" width=\"101\" height=\"192\" src=\"https:\/\/aofi.rs\/wp-content\/uploads\/2024\/03\/srbija-grb_wp_mali-1.jpg\" class=\"attachment-full\" alt=\"\" \/><\/a><\/div><div class='dt-sc-image-content'><div class='dt-sc-image-title'><h3><a href=\"https:\/\/inovacije.srbijastvara.rs\/\" target=\" _blank\">Podr\u0161ka inovativnoj privredi<\/a><\/h3><\/div><p>Vodi\u010d kroz mere podr\u0161ke razvoju inovativne privrede.<\/p><\/div><\/div>[\/vc_column_inner][\/vc_row_inner][\/vc_column][\/vc_row][vc_row full_width=&#8220;stretch_row&#8220; css=&#8220;.vc_custom_1709426063357{padding-top: 8% !important;padding-bottom: 8% !important;background-color: #f0f5f5 !important;}&#8220; el_class=&#8220;zasto-aofi&#8220;][vc_column][vc_raw_html]JTVCcmV2X3NsaWRlciUyMGFsaWFzJTNEJTIyc2xpZGVyLTElMjIlNUQlNUIlMkZyZXZfc2xpZGVyJTVE[\/vc_raw_html][vc_custom_heading text=&#8220;Za\u0161to AOFI?&#8220; font_container=&#8220;tag:h2|font_size:50|text_align:center&#8220; use_theme_fonts=&#8220;yes&#8220; el_class=&#8220;title-responsive-size vcr_heading-right&#8220;][vc_column_text]<\/p>\n<p style=\"text-align: center;\">AOFI predstavlja klju\u010dnog partnera za srpske izvoznike, nude\u0107i sveobuhvatnu podr\u0161ku kroz finansijske i osiguravaju\u0107e usluge. Na\u0161 cilj je da omogu\u0107imo sigurnije i konkurentnije poslovanje na me\u0111unarodnom tr\u017ei\u0161tu, uz brzu realizaciju i povoljne uslove.<\/p>\n<p>[\/vc_column_text][vc_empty_space height=&#8220;30px&#8220;][vc_row_inner][vc_column_inner el_class=&#8220;vcr_txt-align-right&#8220; width=&#8220;1\/4&#8243;]<div id=\"ultimate-heading-633369f5d0b764dde\" class=\"uvc-heading ult-adjust-bottom-margin ultimate-heading-633369f5d0b764dde uvc-7721 \" data-hspacer=\"no_spacer\"  data-halign=\"left\" style=\"text-align:left\"><div class=\"uvc-heading-spacer no_spacer\" style=\"top\"><\/div><div class=\"uvc-main-heading ult-responsive\"  data-ultimate-target='.uvc-heading.ultimate-heading-633369f5d0b764dde h4'  data-responsive-json-new='{\"font-size\":\"\",\"line-height\":\"desktop:45px;\"}' ><h4 style=\"font-weight:bold;\">Kompletna podr\u0161ka na jednom mestu<\/h4><\/div><div class=\"uvc-sub-heading ult-responsive\"  data-ultimate-target='.uvc-heading.ultimate-heading-633369f5d0b764dde .uvc-sub-heading '  data-responsive-json-new='{\"font-size\":\"\",\"line-height\":\"desktop:24px;\"}'  style=\"font-weight:normal;\">Povoljni uslovi finansiranja i osiguranja, prilago\u0111eni potrebama izvoznika.<\/div><\/div>[\/vc_column_inner][vc_column_inner width=&#8220;1\/4&#8243;]<div id=\"ultimate-heading-182469f5d0b764e07\" class=\"uvc-heading ult-adjust-bottom-margin ultimate-heading-182469f5d0b764e07 uvc-3272 vcr_txt-align-right\" data-hspacer=\"no_spacer\"  data-halign=\"left\" style=\"text-align:left\"><div class=\"uvc-heading-spacer no_spacer\" style=\"top\"><\/div><div class=\"uvc-main-heading ult-responsive\"  data-ultimate-target='.uvc-heading.ultimate-heading-182469f5d0b764e07 h4'  data-responsive-json-new='{\"font-size\":\"\",\"line-height\":\"desktop:45px;\"}' ><h4 style=\"font-weight:bold;\">Brza realizacija<\/h4><\/div><div class=\"uvc-sub-heading ult-responsive\"  data-ultimate-target='.uvc-heading.ultimate-heading-182469f5d0b764e07 .uvc-sub-heading '  data-responsive-json-new='{\"font-size\":\"\",\"line-height\":\"desktop:24px;\"}'  style=\"font-weight:normal;\">Efikasnost u pru\u017eanju usluga sa kratkim rokovima realizacije, omogu\u0107avaju\u0107i br\u017ei pristup potrebnim sredstvima.<\/div><\/div>[\/vc_column_inner][vc_column_inner width=&#8220;1\/4&#8243;]<div id=\"ultimate-heading-737769f5d0b764e21\" class=\"uvc-heading ult-adjust-bottom-margin ultimate-heading-737769f5d0b764e21 uvc-5627 \" data-hspacer=\"no_spacer\"  data-halign=\"left\" style=\"text-align:left\"><div class=\"uvc-heading-spacer no_spacer\" style=\"top\"><\/div><div class=\"uvc-main-heading ult-responsive\"  data-ultimate-target='.uvc-heading.ultimate-heading-737769f5d0b764e21 h4'  data-responsive-json-new='{\"font-size\":\"\",\"line-height\":\"desktop:45px;\"}' ><h4 style=\"font-weight:bold;\">Sigurnost na me\u0111unarodnom tr\u017ei\u0161tu<\/h4><\/div><div class=\"uvc-sub-heading ult-responsive\"  data-ultimate-target='.uvc-heading.ultimate-heading-737769f5d0b764e21 .uvc-sub-heading '  data-responsive-json-new='{\"font-size\":\"\",\"line-height\":\"desktop:24px;\"}'  style=\"font-weight:normal;\">Obezbe\u0111ivanje sigurnijeg poslovanja kroz osiguravaju\u0107e usluge koje \u0161tite od razli\u010ditih rizika na inostranim tr\u017ei\u0161tima.<\/div><\/div>[\/vc_column_inner][vc_column_inner width=&#8220;1\/4&#8243;]<div id=\"ultimate-heading-234269f5d0b764e39\" class=\"uvc-heading ult-adjust-bottom-margin ultimate-heading-234269f5d0b764e39 uvc-197 vcr_txt-align-right\" data-hspacer=\"no_spacer\"  data-halign=\"left\" style=\"text-align:left\"><div class=\"uvc-heading-spacer no_spacer\" style=\"top\"><\/div><div class=\"uvc-main-heading ult-responsive\"  data-ultimate-target='.uvc-heading.ultimate-heading-234269f5d0b764e39 h4'  data-responsive-json-new='{\"font-size\":\"\",\"line-height\":\"desktop:45px;\"}' ><h4 style=\"font-weight:bold;\">Konkurentnost i rast<\/h4><\/div><div class=\"uvc-sub-heading ult-responsive\"  data-ultimate-target='.uvc-heading.ultimate-heading-234269f5d0b764e39 .uvc-sub-heading '  data-responsive-json-new='{\"font-size\":\"\",\"line-height\":\"desktop:24px;\"}'  style=\"font-weight:normal;\">Pove\u0107anje konkurentnosti i prodaje kroz pristup zna\u010dajnim tr\u017ei\u0161nim informacijama i finansijskoj podr\u0161ci.<\/div><\/div>[\/vc_column_inner][\/vc_row_inner][\/vc_column][\/vc_row][vc_row full_width=&#8220;stretch_row&#8220; bg_type=&#8220;image&#8220; parallax_style=&#8220;vcpb-default&#8220; bg_image_new=&#8220;id^14209|url^https:\/\/aofi.rs\/wp-content\/uploads\/2024\/03\/chart-8305514_1280.jpg|caption^null|alt^null|title^chart-8305514_1280|description^null&#8220; el_class=&#8220;cesto-pos-pitanja-pocetna&#8220;][vc_column][vc_row_inner][vc_column_inner][vc_column_text]<\/p>\n<h2 style=\"text-align: center;\">\u010desto postavljana pitanja<\/h2>\n<p>[\/vc_column_text][\/vc_column_inner][\/vc_row_inner]<div class='dt-sc-toggle-frame-set type3 '><h5 class='dt-sc-toggle-accordion '><a href='#'>&#8220;\u0160ta<\/a><\/h5><div class=\"dt-sc-toggle-content\" style=\"display: none;\"><div class=\"block\">[vc_column_text css=&#8220;.vc_custom_1709425438666{margin-bottom: 0px !important;}&#8220;]AOFI je Agencija za osiguranje i finansiranje izvoza Republike Srbije, koja pru\u017ea podr\u0161ku izvoznicima kroz razli\u010dite finansijske i osiguravaju\u0107e usluge.[\/vc_column_text]<\/div><\/div><h5 class='dt-sc-toggle-accordion '><a href='#'>&#8220;Koje<\/a><\/h5><div class=\"dt-sc-toggle-content\" style=\"display: none;\"><div class=\"block\">[vc_column_text css=&#8220;.vc_custom_1709425464573{margin-bottom: 0px !important;}&#8220;]AOFI pru\u017ea usluge osiguranja potra\u017eivanja, kreditiranja, izdavanja garancija i faktoringa za izvozno orijentisana preduze\u0107a.[\/vc_column_text]<\/div><\/div><h5 class='dt-sc-toggle-accordion '><a href='#'>&#8220;Kako<\/a><\/h5><div class=\"dt-sc-toggle-content\" style=\"display: none;\"><div class=\"block\">[vc_column_text css=&#8220;.vc_custom_1709425501040{margin-bottom: 0px !important;}&#8220;]Za aplikaciju za usluge AOFI potrebno je da posetite zvani\u010dni sajt agencije i popunite odgovaraju\u0107i obrazac ili kontaktirate AOFI direktno putem e-maila ili telefona za vi\u0161e informacija.[\/vc_column_text]<\/div><\/div><h5 class='dt-sc-toggle-accordion '><a href='#'>&#8220;Koji<\/a><\/h5><div class=\"dt-sc-toggle-content\" style=\"display: none;\"><div class=\"block\">[vc_column_text css=&#8220;.vc_custom_1709425530697{margin-bottom: 0px !important;}&#8220;]Uslovi za kreditiranje uklju\u010duju izvoznu orijentaciju preduze\u0107a, finansijsku stabilnost i sposobnost vra\u0107anja kredita, kao i predaju potrebne dokumentacije.[\/vc_column_text]<\/div><\/div><h5 class='dt-sc-toggle-accordion '><a href='#'>&#8220;\u0160ta<\/a><\/h5><div class=\"dt-sc-toggle-content\" style=\"display: none;\"><div class=\"block\">[vc_column_text css=&#8220;.vc_custom_1709425561288{margin-bottom: 0px !important;}&#8220;]Faktoring je finansijski instrument koji omogu\u0107ava preduze\u0107ima da unaprede svoju likvidnost kroz prodaju nedospelih potra\u017eivanja faktoring kompaniji, u ovom slu\u010daju AOFI.[\/vc_column_text]<\/div><\/div><\/div><div class='dt-sc-toggle-frame-set type3 '><h5 class='dt-sc-toggle-accordion '><a href='#'>&#8220;Kakve<\/a><\/h5><div class=\"dt-sc-toggle-content\" style=\"display: none;\"><div class=\"block\">[vc_column_text css=&#8220;.vc_custom_1709425589661{margin-bottom: 0px !important;}&#8220;]AOFI mo\u017ee da izda razli\u010dite tipove garancija uklju\u010duju\u0107i garancije za u\u010de\u0161\u0107e na tenderima, avansne garancije, garancije za dobro izvr\u0161enje ugovora i garancije za povra\u0107aj avansa.[\/vc_column_text]<\/div><\/div><h5 class='dt-sc-toggle-accordion '><a href='#'>&#8220;Koje<\/a><\/h5><div class=\"dt-sc-toggle-content\" style=\"display: none;\"><div class=\"block\">[vc_column_text css=&#8220;.vc_custom_1709425611944{margin-bottom: 0px !important;}&#8220;]Osiguranje potra\u017eivanja nudi za\u0161titu od neizvesnosti u naplati, pove\u0107ava konkurentnost i omogu\u0107ava sigurnije i stabilnije poslovanje.[\/vc_column_text]<\/div><\/div><h5 class='dt-sc-toggle-accordion '><a href='#'>&#8220;Mogu<\/a><\/h5><div class=\"dt-sc-toggle-content\" style=\"display: none;\"><div class=\"block\">[vc_column_text css=&#8220;.vc_custom_1709425638577{margin-bottom: 0px !important;}&#8220;]Da, mala i srednja preduze\u0107a mogu da koriste usluge AOFI ukoliko ispunjavaju uslove koji su postavljeni za svaku od usluga.[\/vc_column_text]<\/div><\/div><h5 class='dt-sc-toggle-accordion '><a href='#'>&#8220;Kako<\/a><\/h5><div class=\"dt-sc-toggle-content\" style=\"display: none;\"><div class=\"block\">[vc_column_text css=&#8220;.vc_custom_1709425701722{margin-bottom: 0px !important;}&#8220;]AOFI doprinosi razvoju privrede Srbije kroz podr\u0161ku izvozu, stimulisanje proizvodnje i zapo\u0161ljavanja, kao i pru\u017eanje finansijske i osiguravaju\u0107e podr\u0161ke preduze\u0107ima za uspe\u0161nije poslovanje na me\u0111unarodnom tr\u017ei\u0161tu.[\/vc_column_text]<\/div><\/div><\/div>[\/vc_column][\/vc_row][vc_row full_width=&#8220;stretch_row&#8220; css=&#8220;.vc_custom_1710925176006{padding-top: 100px !important;padding-bottom: 100px !important;background-color: #f0f5f5 !important;}&#8220;][vc_column]<div class='dt-sc-title with-two-border aligncenter'><h2>Poslednje sa bloga<\/h2><\/div>[vc_empty_space height=&#8220;50px&#8220;][vc_row_inner][vc_column_inner]<div class='blog-entry blog-thumb-style entry-date-left '><div class=\"entry-thumb\"><img loading=\"lazy\" decoding=\"async\" width=\"150\" height=\"120\" src=\"https:\/\/aofi.rs\/wp-content\/uploads\/2025\/12\/UHD-GRAFIKA-0-00-18-07-150x120.png\" class=\"attachment-finance-blog-thumb size-finance-blog-thumb wp-post-image\" alt=\"\" srcset=\"https:\/\/aofi.rs\/wp-content\/uploads\/2025\/12\/UHD-GRAFIKA-0-00-18-07-150x120.png 150w, https:\/\/aofi.rs\/wp-content\/uploads\/2025\/12\/UHD-GRAFIKA-0-00-18-07-420x336.png 420w, https:\/\/aofi.rs\/wp-content\/uploads\/2025\/12\/UHD-GRAFIKA-0-00-18-07-570x460.png 570w\" sizes=\"auto, (max-width: 150px) 100vw, 150px\" \/><\/div><div class=\"entry-details\"><div class=\"entry-date\">11<span>\u0434\u0435\u0446<\/span> <\/div><div class=\"entry-title\"><h4> <a title=\"20 GODINA UZ VAS\" href=\"https:\/\/aofi.rs\/sr\/20-godina-uz-vas\/\">20 GODINA UZ VAS<\/a> <\/h4><\/div><div class=\"entry-body\"><p>[vc_row rt_row_background_width=&#8220;fullwidth&#8220; rt_row_content_width=&#8220;default&#8220; rt_row_style=&#8220;default-style&#8220; rt_row_height=&#8220;&#8220; rt_column_gaps=&#8220;&#8220; rt_row_shadows=&#8220;&#8220; rt_row_borders=&#8220;&#8220; rt_bg_effect=&#8220;classic&#8220; rt_bg_image_repeat=&#8220;repeat&#8220; rt_bg_size=&#8220;cover&#8220; rt_bg_position=&#8220;right...<\/p><\/div><\/div><\/div><div class='blog-entry blog-thumb-style entry-date-left '><div class=\"entry-thumb\"><\/div><div class=\"entry-details\"><div class=\"entry-date\">14<span>\u0430\u043f\u0440<\/span> <\/div><div class=\"entry-title\"><h4> <a title=\"Zna\u010daj faktoringa sa osiguranjem za razvoj srpske privrede\" href=\"https:\/\/aofi.rs\/sr\/znacaj-faktoringa-sa-osiguranjem-za-razvoj-srpske-privrede\/\">Zna\u010daj faktoringa sa osiguranjem za razvoj srpske privrede<\/a> <\/h4><\/div><div class=\"entry-body\"><\/div><\/div><\/div><div class='blog-entry blog-thumb-style entry-date-left last'><div class=\"entry-thumb\"><img loading=\"lazy\" decoding=\"async\" width=\"150\" height=\"120\" src=\"https:\/\/aofi.rs\/wp-content\/uploads\/2024\/12\/KEX08535-scaled.jpg-150x120.webp\" class=\"attachment-finance-blog-thumb size-finance-blog-thumb wp-post-image\" alt=\"\" srcset=\"https:\/\/aofi.rs\/wp-content\/uploads\/2024\/12\/KEX08535-scaled.jpg-150x120.webp 150w, https:\/\/aofi.rs\/wp-content\/uploads\/2024\/12\/KEX08535-scaled.jpg-420x336.webp 420w, https:\/\/aofi.rs\/wp-content\/uploads\/2024\/12\/KEX08535-scaled.jpg-570x460.webp 570w\" sizes=\"auto, (max-width: 150px) 100vw, 150px\" \/><\/div><div class=\"entry-details\"><div class=\"entry-date\">29<span>\u0434\u0435\u0446<\/span> <\/div><div class=\"entry-title\"><h4> <a title=\"E-commerce \u2013 Nova era konkurentnosti za mala i srednja preduze\u0107a\" href=\"https:\/\/aofi.rs\/sr\/e-commerce-nova-era-konkurentnosti-za-mala-i-srednja-preduzeca\/\">E-commerce \u2013 Nova era konkurentnosti za mala i srednja preduze\u0107a<\/a> <\/h4><\/div><div class=\"entry-body\"><p>Se\u0107am se kada sam, pre petnaestak godina, prvi put \u010duo termin \u201ee-commerce\u201d....<\/p><\/div><\/div><\/div>[\/vc_column_inner][vc_column_inner][vc_single_image image=&#8220;16137&#8243; img_size=&#8220;full&#8220; alignment=&#8220;center&#8220; css=&#8220;.vc_custom_1765319434847{padding-top: 20px !important;}&#8220;][\/vc_column_inner][\/vc_row_inner][\/vc_column][\/vc_row][vc_row css=&#8220;.vc_custom_1709459907599{margin-top: 30px !important;}&#8220;][vc_column width=&#8220;1\/2&#8243;][vc_custom_heading text=&#8220;Decenija preduzetni\u0161tva&#8220;][vc_column_text]U martu 2015. godine Vlada Republike Srbije usvojila je Strategiju za podr\u0161ku razvoja malih i srednjih preduze\u0107a, preduzetni\u0161tva i konkurentnosti za period od 2015. do 2020. godine.<\/p>\n<p>Kroz program Godina preduzetni\u0161tva objedinjena je finansijska i nefinansijska podr\u0161ka ovom sektoru u 2016.<\/p>\n<p>Tokom 2017. Program je prerastao u Deceniju preduzetni\u0161tva \u010dime Vlada Republike Srbije i Ministarstvo privrede nastavljaju sa sistemskom podr\u0161kom sektoru malih i srednjih preduze\u0107a i preduzetnika koji \u010dini 99,80% srpske privrede i zapo\u0161ljava 67% radnika Srbije.<\/p>\n<p>AOFI, kao izvozno kreditna agencija Republike Srbije, aktivno u\u010destvuje u programu Decenija preduzetni\u0161tva pru\u017eaju\u0107i finansijsku podr\u0161ku najzna\u010dajnijem segmentu srpske privrede. Vi\u0161e o deceniji preduzetni\u0161tva mo\u017eete pro\u010ditati\u00a0<a href=\"https:\/\/www.aofi.rs\/wp-content\/uploads\/2018\/05\/Decenija-Preduzetnistva-Spisak-Programa.pdf\">ovde.<\/a>[\/vc_column_text][\/vc_column][vc_column width=&#8220;1\/2&#8243;][vc_single_image image=&#8220;14200&#8243; img_size=&#8220;full&#8220;][\/vc_column][\/vc_row]<\/p>\n","protected":false},"excerpt":{"rendered":"<p>[vc_row css=&#8220;.vc_custom_1709423635916{padding-top: 100px !important;padding-bottom: 100px !important;}&#8220; el_class=&#8220;pocetna-usluge&#8220;][vc_column][vc_column_text] USLUGE AGENCIJE ZA OSIGURANjE I FINANSIRANjE IZVOZA [\/vc_column_text][vc_row_inner css=&#8220;.vc_custom_1709423940041{margin-top: 30px !important;}&#8220;][vc_column_inner width=&#8220;1\/3&#8243;][\/vc_column_inner][vc_column_inner width=&#8220;1\/3&#8243;][\/vc_column_inner][vc_column_inner width=&#8220;1\/3&#8243;][\/vc_column_inner][\/vc_row_inner][vc_row_inner css=&#8220;.vc_custom_1709423927867{margin-top: 30px !important;}&#8220;][vc_column_inner width=&#8220;1\/3&#8243;][\/vc_column_inner][vc_column_inner width=&#8220;1\/3&#8243;][\/vc_column_inner][\/vc_row_inner][\/vc_column][\/vc_row][vc_row full_width=&#8220;stretch_row&#8220; css=&#8220;.vc_custom_1709426063357{padding-top: 8% !important;padding-bottom: [&hellip;]<\/p>\n","protected":false},"author":1,"featured_media":0,"parent":0,"menu_order":0,"comment_status":"closed","ping_status":"closed","template":"","meta":{"footnotes":""},"class_list":["post-15770","page","type-page","status-publish","hentry"],"aioseo_notices":[],"_links":{"self":[{"href":"https:\/\/aofi.rs\/sr\/wp-json\/wp\/v2\/pages\/15770","targetHints":{"allow":["GET"]}}],"collection":[{"href":"https:\/\/aofi.rs\/sr\/wp-json\/wp\/v2\/pages"}],"about":[{"href":"https:\/\/aofi.rs\/sr\/wp-json\/wp\/v2\/types\/page"}],"author":[{"embeddable":true,"href":"https:\/\/aofi.rs\/sr\/wp-json\/wp\/v2\/users\/1"}],"replies":[{"embeddable":true,"href":"https:\/\/aofi.rs\/sr\/wp-json\/wp\/v2\/comments?post=15770"}],"version-history":[{"count":11,"href":"https:\/\/aofi.rs\/sr\/wp-json\/wp\/v2\/pages\/15770\/revisions"}],"predecessor-version":[{"id":16186,"href":"https:\/\/aofi.rs\/sr\/wp-json\/wp\/v2\/pages\/15770\/revisions\/16186"}],"wp:attachment":[{"href":"https:\/\/aofi.rs\/sr\/wp-json\/wp\/v2\/media?parent=15770"}],"curies":[{"name":"wp","href":"https:\/\/api.w.org\/{rel}","templated":true}]}}