{"id":15843,"date":"2016-09-21T09:20:55","date_gmt":"2016-09-21T09:20:55","guid":{"rendered":"https:\/\/aofi.rs\/kontakt\/"},"modified":"2025-07-11T13:24:46","modified_gmt":"2025-07-11T13:24:46","slug":"contact","status":"publish","type":"page","link":"https:\/\/aofi.rs\/en\/contact\/","title":{"rendered":"Contact"},"content":{"rendered":"<p>[vc_row css=&#8221;.vc_custom_1710288108803{padding-bottom: 4% !important;}&#8221;][vc_column width=&#8221;1\/2&#8243;][vc_custom_heading text=&#8221;Headquarters&#8221; use_theme_fonts=&#8221;yes&#8221; el_class=&#8221;vcr_heading-right&#8221;]<div class=\"ult-spacer spacer-69e67ada5dd15\" data-id=\"69e67ada5dd15\" data-height=\"30\" data-height-mobile=\"30\" data-height-tab=\"30\" data-height-tab-portrait=\"\" data-height-mobile-landscape=\"\" style=\"clear:both;display:block;\"><\/div><div class='dt-sc-contact-info type1 '><span class='fa fa-map-marker'> <\/span><a href=\"https:\/\/www.google.com\/maps\/dir\/\/%D0%89%D1%83%D0%B1%D0%B5+%D0%A1%D1%82%D0%BE%D1%98%D0%B0%D0%BD%D0%BE%D0%B2%D0%B8%D1%9B%D0%B0+5,+%D0%A3%D0%B6%D0%B8%D1%86%D0%B5\/@43.8577865,19.8355872,16z\/data=!4m8!4m7!1m0!1m5!1m1!1s0x4759d34625e8bd79:0x86ed230170c7a9c4!2m2!1d19.8399646!2d43.8577788\" target=\"_blank\" rel=\"noopener\">Ljuba Stojanovi\u0107a 5, 31000 U\u017eice<\/a><\/div><div class='dt-sc-contact-info type1 '><span class='fa fa-mobile'> <\/span><a title=\"click to call\" href=\"tel:+38131511940\">(+381) 31 511 940<\/a><\/div><div class='dt-sc-contact-info type1 '><span class='fa fa-envelope-o'> <\/span><a href=\"mailto:office@aofi.rs\">office@aofi.rs<\/a><\/div>[vc_empty_space height=&#8221;65px&#8221;][vc_column_text]<iframe loading=\"lazy\" style=\"border: 0;\" src=\"https:\/\/www.google.com\/maps\/embed?pb=!1m18!1m12!1m3!1d2876.9066040971593!2d19.83747417585143!3d43.85776443917662!2m3!1f0!2f0!3f0!3m2!1i1024!2i768!4f13.1!3m3!1m2!1s0x4759d346261a1d51%3A0x3ed171a0ce82e446!2sLjube%20Stojanovi%C4%87a%205%2C%20U%C5%BEice!5e0!3m2!1sen!2srs!4v1710287131425!5m2!1sen!2srs\" width=\"600\" height=\"450\" allowfullscreen=\"allowfullscreen\"><\/iframe>[\/vc_column_text][\/vc_column][vc_column width=&#8221;1\/2&#8243;][vc_custom_heading text=&#8221;Branch&#8221; use_theme_fonts=&#8221;yes&#8221; el_class=&#8221;vcr_heading-right&#8221;]<div class=\"ult-spacer spacer-69e67ada5dd9d\" data-id=\"69e67ada5dd9d\" data-height=\"30\" data-height-mobile=\"30\" data-height-tab=\"30\" data-height-tab-portrait=\"\" data-height-mobile-landscape=\"\" style=\"clear:both;display:block;\"><\/div><div class='dt-sc-contact-info type1 '><span class='fa fa-map-marker'> <\/span><a href=\"https:\/\/www.google.com\/maps\/dir\/\/%D0%A1%D0%B0%D0%B2%D1%81%D0%BA%D0%B0+25,+%D0%91%D0%B5%D0%BE%D0%B3%D1%80%D0%B0%D0%B4+11000\/@44.803259,20.4503098,17z\/data=!4m8!4m7!1m0!1m5!1m1!1s0x475a70012e64cf09:0x7d9c906e67b36b1f!2m2!1d20.4524985!2d44.8032552\" target=\"_blank\" rel=\"noopener\">Bulevar Kralja Aleksandra I Kara\u0111or\u0111evi\u0107a 25, 11000 Belgrade<\/a><\/div><div class='dt-sc-contact-info type1 '><span class='fa fa-mobile'> <\/span><a title=\"click to call\" href=\"tel:+381116558250\">(+381) 11 6558 250<\/a><\/div><div class='dt-sc-contact-info type1 '><span class='fa fa-mobile'> <\/span><a title=\"click to call\" href=\"tel:+3813121696\">(+381) 11 312 16 96<\/a><\/div><div class='dt-sc-contact-info type1 '><span class='fa fa-envelope-o'> <\/span><a href=\"mailto:office@aofi.rs\">office@aofi.rs<\/a><\/div>[vc_empty_space height=&#8221;15p&#8221;][vc_column_text css=&#8221;.vc_custom_1710287530340{margin-top: 30px !important;}&#8221;]<iframe loading=\"lazy\" style=\"border: 0;\" src=\"https:\/\/www.google.com\/maps\/embed?pb=!1m18!1m12!1m3!1d2830.901931662027!2d20.447743085945543!3d44.80318720272038!2m3!1f0!2f0!3f0!3m2!1i1024!2i768!4f13.1!3m3!1m2!1s0x475a70012c104339%3A0x1d10c374d51d3060!2sSavska%2025%2C%20Beograd%2011000!5e0!3m2!1sen!2srs!4v1710287498923!5m2!1sen!2srs\" width=\"600\" height=\"450\" allowfullscreen=\"allowfullscreen\"><\/iframe>[\/vc_column_text][\/vc_column][\/vc_row][vc_row css=&#8221;.vc_custom_1710926765599{padding-bottom: 40px !important;}&#8221;][vc_column width=&#8221;1\/3&#8243;][vc_custom_heading text=&#8221;Insurance sector&#8221; use_theme_fonts=&#8221;yes&#8221; el_class=&#8221;vcr_heading-right&#8221;]<div class=\"ult-spacer spacer-69e67ada5ddf3\" data-id=\"69e67ada5ddf3\" data-height=\"30\" data-height-mobile=\"30\" data-height-tab=\"30\" data-height-tab-portrait=\"\" data-height-mobile-landscape=\"\" style=\"clear:both;display:block;\"><\/div><div class='dt-sc-contact-info type1 '><span class='fa fa-mobile'> <\/span><div>\n<div class=\"list-content\">\n<p><a title=\"click to call\" href=\"tel:+381116558266\">(+381) 116558 266<\/a><\/div>\n<\/div><\/div><div class='dt-sc-contact-info type1 '><span class='fa fa-envelope-o'> <\/span><div class=\"with_icons style-4 \">\n<div>\n<div class=\"list-content\">\n<p><a href=\"mailto:osiguranje@aofi.rs\">osiguranje@aofi.rs<\/a><\/div>\n<\/div>\n<\/div><\/div>[\/vc_column][vc_column width=&#8221;1\/3&#8243;][vc_custom_heading text=&#8221;Sector for factoring&#8221; use_theme_fonts=&#8221;yes&#8221; el_class=&#8221;vcr_heading-right&#8221;]<div class=\"ult-spacer spacer-69e67ada5de22\" data-id=\"69e67ada5de22\" data-height=\"30\" data-height-mobile=\"30\" data-height-tab=\"30\" data-height-tab-portrait=\"\" data-height-mobile-landscape=\"\" style=\"clear:both;display:block;\"><\/div><div class='dt-sc-contact-info type1 '><span class='fa fa-mobile'> <\/span><div class=\"list-content\">\n<div>\n<div class=\"list-content\">\n<p><a title=\"click to call\" href=\"tel:+381116558243\">(+381) 11 6558 241<\/a><\/div>\n<\/div>\n<\/div><\/div><div class='dt-sc-contact-info type1 '><span class='fa fa-envelope-o'> <\/span><div class=\"with_icons style-4 \">\n<div class=\"list-content\">\n<div class=\"with_icons style-4 \">\n<div>\n<div class=\"list-content\">\n<p><a href=\"mailto:faktoring@aofi.rs\">faktoring@aofi.rs<\/a><\/div>\n<\/div>\n<\/div>\n<\/div>\n<\/div><\/div>[\/vc_column][vc_column width=&#8221;1\/3&#8243;][vc_custom_heading text=&#8221;Credit and guarantee sectors&#8221; use_theme_fonts=&#8221;yes&#8221; el_class=&#8221;vcr_heading-right&#8221;]<div class=\"ult-spacer spacer-69e67ada5de52\" data-id=\"69e67ada5de52\" data-height=\"30\" data-height-mobile=\"30\" data-height-tab=\"30\" data-height-tab-portrait=\"\" data-height-mobile-landscape=\"\" style=\"clear:both;display:block;\"><\/div><div class='dt-sc-contact-info type1 '><span class='fa fa-mobile'> <\/span><a title=\"click to call\" href=\"tel:+381116558238\">(+381) 11 6558 238<\/a><\/div><div class='dt-sc-contact-info type1 '><span class='fa fa-envelope-o'> <\/span><a href=\"mailto:krediti@aofi.rs\">krediti@aofi.rs<\/a><\/div>[\/vc_column][\/vc_row][vc_row full_width=&#8221;stretch_row&#8221; css=&#8221;.vc_custom_1710926778747{padding-top: 40px !important;padding-bottom: 40px !important;background-color: #f0f5f5 !important;}&#8221;][vc_column css=&#8221;.vc_custom_1475144749665{padding-left: 0px !important;}&#8221;]<div class='dt-sc-title with-two-border aligncenter'><h2>\u041a\u043e\u043d\u0442\u0430\u043a\u0442 \u0444\u043e\u0440\u043c\u0430<\/h2><\/div><div class=\"ult-spacer spacer-69e67ada5de8a\" data-id=\"69e67ada5de8a\" data-height=\"50\" data-height-mobile=\"50\" data-height-tab=\"50\" data-height-tab-portrait=\"\" data-height-mobile-landscape=\"\" style=\"clear:both;display:block;\"><\/div>\n<div class=\"wpcf7 no-js\" id=\"wpcf7-f130-o1\" lang=\"en-US\" dir=\"ltr\" data-wpcf7-id=\"130\">\n<div class=\"screen-reader-response\"><p role=\"status\" aria-live=\"polite\" aria-atomic=\"true\"><\/p> <ul><\/ul><\/div>\n<form action=\"\/en\/wp-json\/wp\/v2\/pages\/15843#wpcf7-f130-o1\" method=\"post\" class=\"wpcf7-form init financial_contact_form\" aria-label=\"Contact form\" novalidate=\"novalidate\" data-status=\"init\">\n<fieldset class=\"hidden-fields-container\"><input type=\"hidden\" name=\"_wpcf7\" value=\"130\" \/><input type=\"hidden\" name=\"_wpcf7_version\" value=\"6.1.5\" \/><input type=\"hidden\" name=\"_wpcf7_locale\" value=\"en_US\" \/><input type=\"hidden\" name=\"_wpcf7_unit_tag\" value=\"wpcf7-f130-o1\" \/><input type=\"hidden\" name=\"_wpcf7_container_post\" value=\"0\" \/><input type=\"hidden\" name=\"_wpcf7_posted_data_hash\" value=\"\" \/>\n<\/fieldset>\n<p>[vc_column width=\"1\/2\" el_class=\"financial_contact_form-first\"]\n<\/p>\n<div class=\"form-row\">\n\t<p><span class=\"wpcf7-form-control-wrap\" data-name=\"text-414\"><input size=\"40\" maxlength=\"400\" class=\"wpcf7-form-control wpcf7-text\" aria-invalid=\"false\" placeholder=\"\u0418\u043c\u0435\" value=\"\" type=\"text\" name=\"text-414\" \/><\/span>\n\t<\/p>\n<\/div>\n<div class=\"form-row\" style=\"float:right;\">\n\t<p><span class=\"wpcf7-form-control-wrap\" data-name=\"email-414\"><input size=\"40\" maxlength=\"400\" class=\"wpcf7-form-control wpcf7-text\" aria-invalid=\"false\" placeholder=\"\u0415\u043b\u0435\u043a\u0442\u0440\u043e\u043d\u0441\u043a\u0430 \u043f\u043e\u0448\u0442\u0430\" value=\"\" type=\"text\" name=\"email-414\" \/><\/span>\n\t<\/p>\n<\/div>\n<div class=\"form-row\">\n\t<p><span class=\"wpcf7-form-control-wrap\" data-name=\"Phone-414\"><input size=\"40\" maxlength=\"400\" class=\"wpcf7-form-control wpcf7-text\" aria-invalid=\"false\" placeholder=\"\u0422\u0435\u043b\u0435\u0444\u043e\u043d\" value=\"\" type=\"text\" name=\"Phone-414\" \/><\/span>\n\t<\/p>\n<\/div>\n<div class=\"form-row\" style=\"float:right;\">\n\t<p><span class=\"wpcf7-form-control-wrap\" data-name=\"Subject-414\"><input size=\"40\" maxlength=\"400\" class=\"wpcf7-form-control wpcf7-text\" aria-invalid=\"false\" placeholder=\"\u041d\u0430\u0441\u043b\u043e\u0432\" value=\"\" type=\"text\" name=\"Subject-414\" \/><\/span>\n\t<\/p>\n<\/div>\n<p><input class=\"wpcf7-form-control wpcf7-submit has-spinner\" type=\"submit\" value=\"Send\" \/>[\/vc_column][vc_column width=\"1\/2\"]\n<\/p>\n<div class=\"form-textarea\">\n\t<p><span class=\"wpcf7-form-control-wrap\" data-name=\"textarea-698\"><textarea cols=\"40\" rows=\"10\" maxlength=\"2000\" class=\"wpcf7-form-control wpcf7-textarea\" aria-invalid=\"false\" placeholder=\"\u041f\u043e\u0440\u0443\u043a\u0430\" name=\"textarea-698\"><\/textarea><\/span>\n\t<\/p>\n<\/div>\n<p>[\/vc_column]\n<\/p><div class=\"wpcf7-response-output\" aria-hidden=\"true\"><\/div>\n<\/form>\n<\/div>\n[\/vc_column][\/vc_row]<\/p>\n","protected":false},"excerpt":{"rendered":"<p>[vc_row css=&#8221;.vc_custom_1710288108803{padding-bottom: 4% !important;}&#8221;][vc_column width=&#8221;1\/2&#8243;][vc_custom_heading text=&#8221;Headquarters&#8221; use_theme_fonts=&#8221;yes&#8221; el_class=&#8221;vcr_heading-right&#8221;][vc_empty_space height=&#8221;65px&#8221;][vc_column_text][\/vc_column_text][\/vc_column][vc_column width=&#8221;1\/2&#8243;][vc_custom_heading text=&#8221;Branch&#8221; use_theme_fonts=&#8221;yes&#8221; el_class=&#8221;vcr_heading-right&#8221;][vc_empty_space height=&#8221;15p&#8221;][vc_column_text css=&#8221;.vc_custom_1710287530340{margin-top: 30px !important;}&#8221;][\/vc_column_text][\/vc_column][\/vc_row][vc_row css=&#8221;.vc_custom_1710926765599{padding-bottom: 40px !important;}&#8221;][vc_column width=&#8221;1\/3&#8243;][vc_custom_heading text=&#8221;Insurance sector&#8221; use_theme_fonts=&#8221;yes&#8221; el_class=&#8221;vcr_heading-right&#8221;][\/vc_column][vc_column width=&#8221;1\/3&#8243;][vc_custom_heading text=&#8221;Sector for factoring&#8221; use_theme_fonts=&#8221;yes&#8221; [&hellip;]<\/p>\n","protected":false},"author":1,"featured_media":0,"parent":0,"menu_order":0,"comment_status":"closed","ping_status":"closed","template":"","meta":{"footnotes":""},"class_list":["post-15843","page","type-page","status-publish","hentry"],"aioseo_notices":[],"_links":{"self":[{"href":"https:\/\/aofi.rs\/en\/wp-json\/wp\/v2\/pages\/15843","targetHints":{"allow":["GET"]}}],"collection":[{"href":"https:\/\/aofi.rs\/en\/wp-json\/wp\/v2\/pages"}],"about":[{"href":"https:\/\/aofi.rs\/en\/wp-json\/wp\/v2\/types\/page"}],"author":[{"embeddable":true,"href":"https:\/\/aofi.rs\/en\/wp-json\/wp\/v2\/users\/1"}],"replies":[{"embeddable":true,"href":"https:\/\/aofi.rs\/en\/wp-json\/wp\/v2\/comments?post=15843"}],"version-history":[{"count":5,"href":"https:\/\/aofi.rs\/en\/wp-json\/wp\/v2\/pages\/15843\/revisions"}],"predecessor-version":[{"id":16011,"href":"https:\/\/aofi.rs\/en\/wp-json\/wp\/v2\/pages\/15843\/revisions\/16011"}],"wp:attachment":[{"href":"https:\/\/aofi.rs\/en\/wp-json\/wp\/v2\/media?parent=15843"}],"curies":[{"name":"wp","href":"https:\/\/api.w.org\/{rel}","templated":true}]}}