{"id":15832,"date":"2024-03-20T12:40:58","date_gmt":"2024-03-20T12:40:58","guid":{"rendered":"https:\/\/aofi.rs\/organizaciona-struktura\/"},"modified":"2025-12-08T21:16:37","modified_gmt":"2025-12-08T21:16:37","slug":"organizational-structure","status":"publish","type":"page","link":"https:\/\/aofi.rs\/en\/organizational-structure\/","title":{"rendered":"Organizational structure"},"content":{"rendered":"<p>[vc_row][vc_column][vc_column_text]<\/p>\n<div class=\"content_row row vc_row wpb_row default-style fullwidth rt-2083338\">\n<div class=\"content_row_wrapper default\">\n<div class=\"vc_col-sm-12 wpb_column vc_column_container rt-7594601 rt-column-container\">\n<div class=\"vc_column-inner rt-column-inner\">\n<div class=\"wpb_wrapper rt-wrapper\">\n<article class=\"content-box content-box2 content-padding\">\n<div class=\"rt-heading-wrapper style-1\">\n<div class=\"rt-heading-wrapper style-1\">\n<h4 class=\"rt-heading style-1\">AOFI Team<\/h4>\n<\/div>\n<div class=\"content-holder\">\n<p><strong>Assembly<\/strong><br \/>\nVerica Lazi\u0107, President<br \/>\nMilena Bo\u017eani\u0107, member<br \/>\nMileta Miljkovic\u0301, member<br \/>\nSa\u0161a Savi\u0107, member<br \/>\nAleksandar Mosorka, member<\/p>\n<p><strong>Board of Directors<\/strong><br \/>\nRade Petrovi\u0107, President<br \/>\nNikola Velji\u0107, Deputy President<br \/>\n\u0110or\u0111e Joksi\u0107, member<br \/>\nGoran Nikoli\u0107, member<br \/>\nNikola Rabrenovi\u0107, member<\/p>\n<p><strong>Executive Board<\/strong><br \/>\nDejan Vukoti\u0107, President<br \/>\nAleksandar \u0160tuli\u0107, member<br \/>\nNikola Tegeltija, member<\/p>\n<p><strong>Export insurance<\/strong><br \/>\nAleksandar \u0160tuli\u0107, director of the sector<\/p>\n<p><strong>Short-term lending and Factoring<\/strong><br \/>\nPetar Pavlovi\u0107, director of the sector<\/p>\n<p><strong>Issue of guarantee<\/strong><br \/>\nVesna Joveti\u0107, director of the sector<\/p>\n<\/div>\n<\/div>\n<\/article>\n<\/div>\n<\/div>\n<\/div>\n<\/div>\n<\/div>\n<p>[\/vc_column_text][\/vc_column][\/vc_row]<\/p>\n","protected":false},"excerpt":{"rendered":"<p>[vc_row][vc_column][vc_column_text] AOFI Team Assembly Verica Lazi\u0107, President Milena Bo\u017eani\u0107, member Mileta Miljkovic\u0301, member Sa\u0161a Savi\u0107, member Aleksandar Mosorka, member Board of Directors Rade Petrovi\u0107, President Nikola Velji\u0107, Deputy President \u0110or\u0111e [&hellip;]<\/p>\n","protected":false},"author":1,"featured_media":0,"parent":0,"menu_order":0,"comment_status":"closed","ping_status":"closed","template":"","meta":{"footnotes":""},"class_list":["post-15832","page","type-page","status-publish","hentry"],"aioseo_notices":[],"_links":{"self":[{"href":"https:\/\/aofi.rs\/en\/wp-json\/wp\/v2\/pages\/15832","targetHints":{"allow":["GET"]}}],"collection":[{"href":"https:\/\/aofi.rs\/en\/wp-json\/wp\/v2\/pages"}],"about":[{"href":"https:\/\/aofi.rs\/en\/wp-json\/wp\/v2\/types\/page"}],"author":[{"embeddable":true,"href":"https:\/\/aofi.rs\/en\/wp-json\/wp\/v2\/users\/1"}],"replies":[{"embeddable":true,"href":"https:\/\/aofi.rs\/en\/wp-json\/wp\/v2\/comments?post=15832"}],"version-history":[{"count":7,"href":"https:\/\/aofi.rs\/en\/wp-json\/wp\/v2\/pages\/15832\/revisions"}],"predecessor-version":[{"id":16125,"href":"https:\/\/aofi.rs\/en\/wp-json\/wp\/v2\/pages\/15832\/revisions\/16125"}],"wp:attachment":[{"href":"https:\/\/aofi.rs\/en\/wp-json\/wp\/v2\/media?parent=15832"}],"curies":[{"name":"wp","href":"https:\/\/api.w.org\/{rel}","templated":true}]}}